{"id":1037,"date":"2021-04-25T17:09:55","date_gmt":"2021-04-25T17:09:55","guid":{"rendered":"http:\/\/www.skinlabbyk.cz\/?page_id=1037"},"modified":"2026-04-14T10:26:51","modified_gmt":"2026-04-14T10:26:51","slug":"deep-clean-facial","status":"publish","type":"page","link":"https:\/\/www.skinlabbyk.cz\/?page_id=1037&lang=cs","title":{"rendered":"PURITY RESET"},"content":{"rendered":"\t\t<div data-elementor-type=\"wp-page\" data-elementor-id=\"1037\" class=\"elementor elementor-1037\" data-elementor-settings=\"[]\">\n\t\t\t\t\t\t<div class=\"elementor-inner\">\n\t\t\t\t\t\t\t<div class=\"elementor-section-wrap\">\n\t\t\t\t\t\t\t<section class=\"elementor-section elementor-top-section elementor-element elementor-element-d0b8311 elementor-section-boxed elementor-section-height-default elementor-section-height-default\" data-id=\"d0b8311\" data-element_type=\"section\">\n\t\t\t\t\t\t<div class=\"elementor-container elementor-column-gap-default\">\n\t\t\t\t\t\t\t<div class=\"elementor-row\">\n\t\t\t\t\t<div class=\"elementor-column elementor-col-100 elementor-top-column elementor-element elementor-element-dfc47a4\" data-id=\"dfc47a4\" data-element_type=\"column\">\n\t\t\t<div class=\"elementor-column-wrap elementor-element-populated\">\n\t\t\t\t\t\t\t<div class=\"elementor-widget-wrap\">\n\t\t\t\t\t\t<div class=\"elementor-element elementor-element-efc714a elementor-widget elementor-widget-text-editor\" data-id=\"efc714a\" data-element_type=\"widget\" data-widget_type=\"text-editor.default\">\n\t\t\t\t<div class=\"elementor-widget-container\">\n\t\t\t\t\t\t\t\t<div class=\"elementor-text-editor elementor-clearfix\">\n\t\t\t\t<p><span style=\"color: #000000;\"><strong>Purity Reset\u00a0<\/strong><\/span><\/p><p><span style=\"color: #000000;\"><em>Ide\u00e1ln\u00ed prvn\u00ed n\u00e1v\u0161t\u011bva pro diagnostiku pleti a nastaven\u00ed p\u00e9\u010de.<\/em><\/span><\/p><p><span style=\"color: #000000;\">Purity Reset je odborn\u00e9 o\u0161et\u0159en\u00ed zam\u011b\u0159en\u00e9 na zklidn\u011bn\u00ed pleti, redukci nedokonalost\u00ed a obnovu jej\u00ed p\u0159irozen\u00e9<strong data-start=\"291\" data-end=\"367\"> rovnov\u00e1hy<\/strong>. Je navr\u017eeno pro ple\u0165, kter\u00e1 je zat\u00ed\u017een\u00e1 z\u00e1n\u011btem, nadm\u011brnou produkc\u00ed mazu, stresem nebo naru\u0161enou ko\u017en\u00ed bari\u00e9rou.<\/span><\/p><p><span style=\"color: #000000;\">O\u0161et\u0159en\u00ed pracuje s plet\u00ed \u0161etrn\u011b, ale efektivn\u011b \u2013 c\u00edlem nen\u00ed agresivn\u00ed z\u00e1sah, ale obnoven\u00ed spr\u00e1vn\u00fdch regenera\u010dn\u00edch proces\u016f, kter\u00e9 vedou k dlouhodob\u00e9mu zlep\u0161en\u00ed stavu pleti.<\/span><\/p><p><span style=\"color: #000000;\">\u23f1 d\u00e9lka o\u0161et\u0159en\u00ed: dle individu\u00e1ln\u00edho protokolu<\/span><br \/><span style=\"color: #000000;\">\u2714 vhodn\u00e9 jako samostatn\u00e9 o\u0161et\u0159en\u00ed i sou\u010d\u00e1st k\u00fary<\/span><\/p>\t\t\t\t\t<\/div>\n\t\t\t\t\t\t<\/div>\n\t\t\t\t<\/div>\n\t\t\t\t\t\t<\/div>\n\t\t\t\t\t<\/div>\n\t\t<\/div>\n\t\t\t\t\t\t\t\t<\/div>\n\t\t\t\t\t<\/div>\n\t\t<\/section>\n\t\t\t\t<section class=\"elementor-section elementor-top-section elementor-element elementor-element-f490240 elementor-section-boxed elementor-section-height-default elementor-section-height-default\" data-id=\"f490240\" data-element_type=\"section\">\n\t\t\t\t\t\t<div class=\"elementor-container elementor-column-gap-default\">\n\t\t\t\t\t\t\t<div class=\"elementor-row\">\n\t\t\t\t\t<div class=\"elementor-column elementor-col-100 elementor-top-column elementor-element elementor-element-f2357cb\" data-id=\"f2357cb\" data-element_type=\"column\">\n\t\t\t<div class=\"elementor-column-wrap elementor-element-populated\">\n\t\t\t\t\t\t\t<div class=\"elementor-widget-wrap\">\n\t\t\t\t\t\t<div class=\"elementor-element elementor-element-3e0eb3f elementor-widget-divider--view-line elementor-widget elementor-widget-divider\" data-id=\"3e0eb3f\" data-element_type=\"widget\" data-widget_type=\"divider.default\">\n\t\t\t\t<div class=\"elementor-widget-container\">\n\t\t\t\t\t<div class=\"elementor-divider\">\n\t\t\t<span class=\"elementor-divider-separator\">\n\t\t\t\t\t\t<\/span>\n\t\t<\/div>\n\t\t\t\t<\/div>\n\t\t\t\t<\/div>\n\t\t\t\t\t\t<\/div>\n\t\t\t\t\t<\/div>\n\t\t<\/div>\n\t\t\t\t\t\t\t\t<\/div>\n\t\t\t\t\t<\/div>\n\t\t<\/section>\n\t\t\t\t<section class=\"elementor-section elementor-top-section elementor-element elementor-element-ab167c8 elementor-section-boxed elementor-section-height-default elementor-section-height-default\" data-id=\"ab167c8\" data-element_type=\"section\">\n\t\t\t\t\t\t<div class=\"elementor-container elementor-column-gap-default\">\n\t\t\t\t\t\t\t<div class=\"elementor-row\">\n\t\t\t\t\t<div class=\"elementor-column elementor-col-50 elementor-top-column elementor-element elementor-element-42f87ec\" data-id=\"42f87ec\" data-element_type=\"column\">\n\t\t\t<div class=\"elementor-column-wrap elementor-element-populated\">\n\t\t\t\t\t\t\t<div class=\"elementor-widget-wrap\">\n\t\t\t\t\t\t<div class=\"elementor-element elementor-element-6c75fa0 elementor-widget elementor-widget-text-editor\" data-id=\"6c75fa0\" data-element_type=\"widget\" data-widget_type=\"text-editor.default\">\n\t\t\t\t<div class=\"elementor-widget-container\">\n\t\t\t\t\t\t\t\t<div class=\"elementor-text-editor elementor-clearfix\">\n\t\t\t\t<p><strong><span style=\"color: #000000;\">Vhodn\u00e9 pro<\/span><\/strong><\/p><ul data-start=\"706\" data-end=\"896\"><li data-start=\"706\" data-end=\"738\"><span style=\"color: #000000;\">problematick\u00e1 a akn\u00f3zn\u00ed ple\u0165<\/span><\/li><li data-start=\"739\" data-end=\"779\"><span style=\"color: #000000;\">ple\u0165 se sklony k z\u00e1n\u011bt\u016fm a zarudnut\u00ed<\/span><\/li><li data-start=\"780\" data-end=\"814\"><span style=\"color: #000000;\">nerovnov\u00e1ha ko\u017en\u00edho mikrobiomu<\/span><\/li><li data-start=\"815\" data-end=\"853\"><span style=\"color: #000000;\">ucpan\u00e9 p\u00f3ry a nadm\u011brn\u00e1 tvorba mazu<\/span><\/li><li data-start=\"854\" data-end=\"896\"><span style=\"color: #000000;\">ple\u0165 vystaven\u00e1 stresu a vn\u011bj\u0161\u00edm vliv\u016fm<\/span><\/li><\/ul>\t\t\t\t\t<\/div>\n\t\t\t\t\t\t<\/div>\n\t\t\t\t<\/div>\n\t\t\t\t\t\t<\/div>\n\t\t\t\t\t<\/div>\n\t\t<\/div>\n\t\t\t\t<div class=\"elementor-column elementor-col-50 elementor-top-column elementor-element elementor-element-255c959\" data-id=\"255c959\" data-element_type=\"column\">\n\t\t\t<div class=\"elementor-column-wrap elementor-element-populated\">\n\t\t\t\t\t\t\t<div class=\"elementor-widget-wrap\">\n\t\t\t\t\t\t<div class=\"elementor-element elementor-element-6054f27 elementor-widget elementor-widget-text-editor\" data-id=\"6054f27\" data-element_type=\"widget\" data-widget_type=\"text-editor.default\">\n\t\t\t\t<div class=\"elementor-widget-container\">\n\t\t\t\t\t\t\t\t<div class=\"elementor-text-editor elementor-clearfix\">\n\t\t\t\t<p><strong><span style=\"color: #000000;\">V\u00fdsledek<\/span><\/strong><\/p><p><span style=\"color: #000000;\">Ple\u0165 je viditeln\u011b klidn\u011bj\u0161\u00ed, vyrovnan\u011bj\u0161\u00ed a \u010dist\u0161\u00ed.<\/span><br \/><span style=\"color: #000000;\">P\u0159i pravideln\u00e9 p\u00e9\u010di doch\u00e1z\u00ed k dlouhodob\u00e9mu zlep\u0161en\u00ed kvality pleti a sn\u00ed\u017een\u00ed v\u00fdskytu nedokonalost\u00ed.<\/span><\/p><p>\u00a0<\/p>\t\t\t\t\t<\/div>\n\t\t\t\t\t\t<\/div>\n\t\t\t\t<\/div>\n\t\t\t\t\t\t<\/div>\n\t\t\t\t\t<\/div>\n\t\t<\/div>\n\t\t\t\t\t\t\t\t<\/div>\n\t\t\t\t\t<\/div>\n\t\t<\/section>\n\t\t\t\t<section class=\"elementor-section elementor-top-section elementor-element elementor-element-02cd76d elementor-section-boxed elementor-section-height-default elementor-section-height-default\" data-id=\"02cd76d\" data-element_type=\"section\">\n\t\t\t\t\t\t<div class=\"elementor-container elementor-column-gap-default\">\n\t\t\t\t\t\t\t<div class=\"elementor-row\">\n\t\t\t\t\t<div class=\"elementor-column elementor-col-100 elementor-top-column elementor-element elementor-element-a36450c\" data-id=\"a36450c\" data-element_type=\"column\">\n\t\t\t<div class=\"elementor-column-wrap elementor-element-populated\">\n\t\t\t\t\t\t\t<div class=\"elementor-widget-wrap\">\n\t\t\t\t\t\t<div class=\"elementor-element elementor-element-6cff341 elementor-widget-divider--view-line elementor-widget elementor-widget-divider\" data-id=\"6cff341\" data-element_type=\"widget\" data-widget_type=\"divider.default\">\n\t\t\t\t<div class=\"elementor-widget-container\">\n\t\t\t\t\t<div class=\"elementor-divider\">\n\t\t\t<span class=\"elementor-divider-separator\">\n\t\t\t\t\t\t<\/span>\n\t\t<\/div>\n\t\t\t\t<\/div>\n\t\t\t\t<\/div>\n\t\t\t\t\t\t<\/div>\n\t\t\t\t\t<\/div>\n\t\t<\/div>\n\t\t\t\t\t\t\t\t<\/div>\n\t\t\t\t\t<\/div>\n\t\t<\/section>\n\t\t\t\t<section class=\"elementor-section elementor-top-section elementor-element elementor-element-4518a06 elementor-section-boxed elementor-section-height-default elementor-section-height-default\" data-id=\"4518a06\" data-element_type=\"section\">\n\t\t\t\t\t\t<div class=\"elementor-container elementor-column-gap-default\">\n\t\t\t\t\t\t\t<div class=\"elementor-row\">\n\t\t\t\t\t<div class=\"elementor-column elementor-col-100 elementor-top-column elementor-element elementor-element-093951e\" data-id=\"093951e\" data-element_type=\"column\">\n\t\t\t<div class=\"elementor-column-wrap elementor-element-populated\">\n\t\t\t\t\t\t\t<div class=\"elementor-widget-wrap\">\n\t\t\t\t\t\t<div class=\"elementor-element elementor-element-0c8c558 elementor-widget elementor-widget-text-editor\" data-id=\"0c8c558\" data-element_type=\"widget\" data-widget_type=\"text-editor.default\">\n\t\t\t\t<div class=\"elementor-widget-container\">\n\t\t\t\t\t\t\t\t<div class=\"elementor-text-editor elementor-clearfix\">\n\t\t\t\t<p style=\"text-align: center;\"><span style=\"color: #000000;\"><strong>Lze kombinovat s dal\u0161\u00edm o\u0161et\u0159en\u00edm<\/strong><\/span><\/p>\t\t\t\t\t<\/div>\n\t\t\t\t\t\t<\/div>\n\t\t\t\t<\/div>\n\t\t\t\t\t\t<\/div>\n\t\t\t\t\t<\/div>\n\t\t<\/div>\n\t\t\t\t\t\t\t\t<\/div>\n\t\t\t\t\t<\/div>\n\t\t<\/section>\n\t\t\t\t<section class=\"elementor-section elementor-top-section elementor-element elementor-element-a2fbed0 elementor-section-boxed elementor-section-height-default elementor-section-height-default\" data-id=\"a2fbed0\" data-element_type=\"section\">\n\t\t\t\t\t\t<div class=\"elementor-container elementor-column-gap-default\">\n\t\t\t\t\t\t\t<div class=\"elementor-row\">\n\t\t\t\t\t<div class=\"elementor-column elementor-col-50 elementor-top-column elementor-element elementor-element-7e7827b\" data-id=\"7e7827b\" data-element_type=\"column\">\n\t\t\t<div class=\"elementor-column-wrap elementor-element-populated\">\n\t\t\t\t\t\t\t<div class=\"elementor-widget-wrap\">\n\t\t\t\t\t\t<div class=\"elementor-element elementor-element-dcbec9e elementor-widget elementor-widget-image\" data-id=\"dcbec9e\" data-element_type=\"widget\" data-widget_type=\"image.default\">\n\t\t\t\t<div class=\"elementor-widget-container\">\n\t\t\t\t\t\t\t\t<div class=\"elementor-image\">\n\t\t\t\t\t\t\t\t\t\t\t\t\t<a href=\"https:\/\/www.skinlabbyk.cz\/?page_id=729&#038;lang=cs\">\n\t\t\t\t\t\t\t<img loading=\"lazy\" decoding=\"async\" width=\"768\" height=\"432\" src=\"https:\/\/www.skinlabbyk.cz\/wp-content\/uploads\/2026\/01\/Brown-and-Beige-Minimalist-Natural-Skincare-Product-Presentation-2-2-768x432.jpg\" class=\"attachment-medium_large size-medium_large\" alt=\"\" srcset=\"https:\/\/www.skinlabbyk.cz\/wp-content\/uploads\/2026\/01\/Brown-and-Beige-Minimalist-Natural-Skincare-Product-Presentation-2-2-768x432.jpg 768w, https:\/\/www.skinlabbyk.cz\/wp-content\/uploads\/2026\/01\/Brown-and-Beige-Minimalist-Natural-Skincare-Product-Presentation-2-2-300x169.jpg 300w, https:\/\/www.skinlabbyk.cz\/wp-content\/uploads\/2026\/01\/Brown-and-Beige-Minimalist-Natural-Skincare-Product-Presentation-2-2-1024x576.jpg 1024w, https:\/\/www.skinlabbyk.cz\/wp-content\/uploads\/2026\/01\/Brown-and-Beige-Minimalist-Natural-Skincare-Product-Presentation-2-2-1536x864.jpg 1536w, https:\/\/www.skinlabbyk.cz\/wp-content\/uploads\/2026\/01\/Brown-and-Beige-Minimalist-Natural-Skincare-Product-Presentation-2-2.jpg 1920w\" sizes=\"auto, (max-width: 768px) 100vw, 768px\" \/>\t\t\t\t\t\t\t\t<\/a>\n\t\t\t\t\t\t\t\t\t\t\t\t\t\t<\/div>\n\t\t\t\t\t\t<\/div>\n\t\t\t\t<\/div>\n\t\t\t\t\t\t<\/div>\n\t\t\t\t\t<\/div>\n\t\t<\/div>\n\t\t\t\t<div class=\"elementor-column elementor-col-50 elementor-top-column elementor-element elementor-element-7842254\" data-id=\"7842254\" data-element_type=\"column\">\n\t\t\t<div class=\"elementor-column-wrap elementor-element-populated\">\n\t\t\t\t\t\t\t<div class=\"elementor-widget-wrap\">\n\t\t\t\t\t\t<div class=\"elementor-element elementor-element-73f93a2 elementor-widget elementor-widget-image\" data-id=\"73f93a2\" data-element_type=\"widget\" data-widget_type=\"image.default\">\n\t\t\t\t<div class=\"elementor-widget-container\">\n\t\t\t\t\t\t\t\t<div class=\"elementor-image\">\n\t\t\t\t\t\t\t\t\t\t\t\t\t<a href=\"https:\/\/www.skinlabbyk.cz\/?page_id=9469&#038;lang=cs\">\n\t\t\t\t\t\t\t<img loading=\"lazy\" decoding=\"async\" width=\"768\" height=\"432\" src=\"https:\/\/www.skinlabbyk.cz\/wp-content\/uploads\/2026\/01\/Brown-and-Beige-Minimalist-Natural-Skincare-Product-Presentation-3-768x432.jpg\" class=\"attachment-medium_large size-medium_large\" alt=\"\" srcset=\"https:\/\/www.skinlabbyk.cz\/wp-content\/uploads\/2026\/01\/Brown-and-Beige-Minimalist-Natural-Skincare-Product-Presentation-3-768x432.jpg 768w, https:\/\/www.skinlabbyk.cz\/wp-content\/uploads\/2026\/01\/Brown-and-Beige-Minimalist-Natural-Skincare-Product-Presentation-3-300x169.jpg 300w, https:\/\/www.skinlabbyk.cz\/wp-content\/uploads\/2026\/01\/Brown-and-Beige-Minimalist-Natural-Skincare-Product-Presentation-3-1024x576.jpg 1024w, https:\/\/www.skinlabbyk.cz\/wp-content\/uploads\/2026\/01\/Brown-and-Beige-Minimalist-Natural-Skincare-Product-Presentation-3-1536x864.jpg 1536w, https:\/\/www.skinlabbyk.cz\/wp-content\/uploads\/2026\/01\/Brown-and-Beige-Minimalist-Natural-Skincare-Product-Presentation-3.jpg 1920w\" sizes=\"auto, (max-width: 768px) 100vw, 768px\" \/>\t\t\t\t\t\t\t\t<\/a>\n\t\t\t\t\t\t\t\t\t\t\t\t\t\t<\/div>\n\t\t\t\t\t\t<\/div>\n\t\t\t\t<\/div>\n\t\t\t\t\t\t<\/div>\n\t\t\t\t\t<\/div>\n\t\t<\/div>\n\t\t\t\t\t\t\t\t<\/div>\n\t\t\t\t\t<\/div>\n\t\t<\/section>\n\t\t\t\t\t\t<\/div>\n\t\t\t\t\t\t<\/div>\n\t\t\t\t\t<\/div>\n\t\t","protected":false},"excerpt":{"rendered":"<p>Purity Reset\u00a0 Ide\u00e1ln\u00ed prvn\u00ed n\u00e1v\u0161t\u011bva pro diagnostiku pleti a nastaven\u00ed p\u00e9\u010de. Purity Reset [&hellip;]<\/p>\n","protected":false},"author":1,"featured_media":0,"parent":0,"menu_order":0,"comment_status":"closed","ping_status":"closed","template":"","meta":{"footnotes":""},"class_list":["post-1037","page","type-page","status-publish","hentry"],"_links":{"self":[{"href":"https:\/\/www.skinlabbyk.cz\/index.php?rest_route=\/wp\/v2\/pages\/1037","targetHints":{"allow":["GET"]}}],"collection":[{"href":"https:\/\/www.skinlabbyk.cz\/index.php?rest_route=\/wp\/v2\/pages"}],"about":[{"href":"https:\/\/www.skinlabbyk.cz\/index.php?rest_route=\/wp\/v2\/types\/page"}],"author":[{"embeddable":true,"href":"https:\/\/www.skinlabbyk.cz\/index.php?rest_route=\/wp\/v2\/users\/1"}],"replies":[{"embeddable":true,"href":"https:\/\/www.skinlabbyk.cz\/index.php?rest_route=%2Fwp%2Fv2%2Fcomments&post=1037"}],"version-history":[{"count":218,"href":"https:\/\/www.skinlabbyk.cz\/index.php?rest_route=\/wp\/v2\/pages\/1037\/revisions"}],"predecessor-version":[{"id":16815,"href":"https:\/\/www.skinlabbyk.cz\/index.php?rest_route=\/wp\/v2\/pages\/1037\/revisions\/16815"}],"wp:attachment":[{"href":"https:\/\/www.skinlabbyk.cz\/index.php?rest_route=%2Fwp%2Fv2%2Fmedia&parent=1037"}],"curies":[{"name":"wp","href":"https:\/\/api.w.org\/{rel}","templated":true}]}}