{"id":1094,"date":"2021-04-25T17:59:31","date_gmt":"2021-04-25T17:59:31","guid":{"rendered":"http:\/\/www.skinlabbyk.cz\/?page_id=1094"},"modified":"2026-01-18T19:31:36","modified_gmt":"2026-01-18T19:31:36","slug":"skinlab-by-k-spa-ritual","status":"publish","type":"page","link":"https:\/\/www.skinlabbyk.cz\/?page_id=1094&lang=cs","title":{"rendered":"CELL RENEW"},"content":{"rendered":"\t\t<div data-elementor-type=\"wp-page\" data-elementor-id=\"1094\" class=\"elementor elementor-1094\" data-elementor-settings=\"[]\">\n\t\t\t\t\t\t<div class=\"elementor-inner\">\n\t\t\t\t\t\t\t<div class=\"elementor-section-wrap\">\n\t\t\t\t\t\t\t<section class=\"elementor-section elementor-top-section elementor-element elementor-element-7aaa7e5 elementor-section-boxed elementor-section-height-default elementor-section-height-default\" data-id=\"7aaa7e5\" data-element_type=\"section\">\n\t\t\t\t\t\t<div class=\"elementor-container elementor-column-gap-default\">\n\t\t\t\t\t\t\t<div class=\"elementor-row\">\n\t\t\t\t\t<div class=\"elementor-column elementor-col-100 elementor-top-column elementor-element elementor-element-45ff3ce\" data-id=\"45ff3ce\" data-element_type=\"column\">\n\t\t\t<div class=\"elementor-column-wrap elementor-element-populated\">\n\t\t\t\t\t\t\t<div class=\"elementor-widget-wrap\">\n\t\t\t\t\t\t<div class=\"elementor-element elementor-element-6a940b4 elementor-widget elementor-widget-text-editor\" data-id=\"6a940b4\" data-element_type=\"widget\" data-widget_type=\"text-editor.default\">\n\t\t\t\t<div class=\"elementor-widget-container\">\n\t\t\t\t\t\t\t\t<div class=\"elementor-text-editor elementor-clearfix\">\n\t\t\t\t<p><span style=\"color: #000000;\"><strong>CELL RENEW<\/strong><\/span><\/p><p><span style=\"color: #000000;\">High-tech regenera\u010dn\u00ed ritu\u00e1l pro omlazen\u00ed a vitalitu pleti. <\/span><span style=\"color: #000000;\">Bun\u011b\u010dn\u00e1 obnova. Viditeln\u00e9 omlazen\u00ed.<\/span><\/p><p><span style=\"color: #000000;\">Toto o\u0161et\u0159en\u00ed pat\u0159\u00ed mezi pr\u00e9miov\u00e9 S<em data-start=\"341\" data-end=\"352\">ignature<\/em> o\u0161et\u0159en\u00ed SKINLAB by K, navr\u017een\u00e9 pro maxim\u00e1ln\u00ed podporu bun\u011b\u010dn\u00e9 obnovy a viditeln\u00e9 omlazen\u00ed pleti bez invazivn\u00edho z\u00e1kroku. Spojuje nejmodern\u011bj\u0161\u00ed p\u0159\u00edstrojov\u00e9 technologie s vysoce \u00fa\u010dinn\u00fdmi aktivn\u00edmi l\u00e1tkami nov\u00e9 generace, kter\u00e9 p\u016fsob\u00ed hluboko v poko\u017ece.<\/span><\/p><p><strong><span style=\"color: #000000;\">Tento detailn\u00ed protokol zajist\u00ed a kombinuje<\/span><\/strong><\/p><ul><li><em><span style=\"color: #000000;\">diagnostiku &amp; p\u0159\u00edpravu pleti<\/span><\/em><\/li><li><em><span style=\"color: #000000;\">aktivaci bun\u011bk &#8211; Radiofrekvenci (RF) pro stimulaci tvorby kolagenu a aktivaci mikrocirkulace<\/span><\/em><\/li><li><em><span style=\"color: #000000;\">intenzivn\u00ed stimulaci &#8211; Mikrojehli\u010dkov\u00e1n\u00ed pro intenzivn\u00ed regeneraci a zv\u00fd\u0161en\u00ed vst\u0159eb\u00e1v\u00e1n\u00ed aktivn\u00edch l\u00e1tek<\/span><\/em><\/li><li><em><span style=\"color: #000000;\">bun\u011b\u010dnou stimulaci &#8211; vysoce \u00fa\u010dinn\u00e9 l\u00e1tky nov\u00e9 generace, v\u010detn\u011b exozom\u016f, polynukleotid\u016f a r\u016fstov\u00fdch faktor\u016f<\/span><\/em><\/li><li><em><span style=\"color: #000000;\">harmonizace &#8211; LED \/ sv\u011btelnou terapii pro zklidn\u011bn\u00ed, sjednocen\u00ed t\u00f3nu pleti a rozjasn\u011bn\u00ed.<\/span><\/em><\/li><li><em><span style=\"color: #000000;\">z\u00e1v\u011bre\u010dn\u00fd regenera\u010dn\u00ed ritu\u00e1l<\/span><\/em><\/li><\/ul><p><span style=\"color: #000000;\">Tento sofistikovan\u00fd ritu\u00e1l aktivuje p\u0159irozen\u00e9 regenera\u010dn\u00ed procesy pleti, stimuluje tvorbu kolagenu, zlep\u0161uje pevnost a elasticitu a navrac\u00ed pleti vitalitu, jas a mladistv\u00fd vzhled. Ka\u017ed\u00fd krok o\u0161et\u0159en\u00ed je c\u00edlen\u00fd, precizn\u00ed a navr\u017een\u00fd pro dlouhodob\u00e9 v\u00fdsledky.<\/span><\/p><p><span style=\"color: #000000;\"><strong>CELL RENEW<\/strong> <\/span><\/p><p><span style=\"color: #000000;\">Je ide\u00e1ln\u00ed volbou pro klientky, kter\u00e9 cht\u011bj\u00ed maxim\u00e1ln\u00ed anti-aging efekt, viditeln\u00e9 zm\u011bny struktury pleti a dlouhodobou regeneraci \u2013 bez chirurgick\u00e9ho z\u00e1sahu. Klientky hledaj\u00edc\u00ed nejmodern\u011bj\u0161\u00ed anti-aging technologii a jsou vysoce n\u00e1ro\u010dn\u00ed, kdy vy\u017eaduj\u00ed to nejlep\u0161\u00ed z na\u0161\u00ed d\u00edly &#8220;<strong>Skinlab by K<\/strong>&#8220;.<\/span><\/p><p>\u00a0<\/p><p><span style=\"color: #000000;\">\u23f1 D\u00e9lka o\u0161et\u0159en\u00ed: 1 h 30 min \/ dle individu\u00e1ln\u00edho protokolu.<\/span><\/p><p>\u00a0<\/p>\t\t\t\t\t<\/div>\n\t\t\t\t\t\t<\/div>\n\t\t\t\t<\/div>\n\t\t\t\t\t\t<\/div>\n\t\t\t\t\t<\/div>\n\t\t<\/div>\n\t\t\t\t\t\t\t\t<\/div>\n\t\t\t\t\t<\/div>\n\t\t<\/section>\n\t\t\t\t<section class=\"elementor-section elementor-top-section elementor-element elementor-element-7cca700 elementor-section-boxed elementor-section-height-default elementor-section-height-default\" data-id=\"7cca700\" data-element_type=\"section\">\n\t\t\t\t\t\t<div class=\"elementor-container elementor-column-gap-default\">\n\t\t\t\t\t\t\t<div class=\"elementor-row\">\n\t\t\t\t\t<div class=\"elementor-column elementor-col-100 elementor-top-column elementor-element elementor-element-72b9573\" data-id=\"72b9573\" data-element_type=\"column\">\n\t\t\t<div class=\"elementor-column-wrap elementor-element-populated\">\n\t\t\t\t\t\t\t<div class=\"elementor-widget-wrap\">\n\t\t\t\t\t\t<div class=\"elementor-element elementor-element-527beb3 elementor-widget-divider--view-line elementor-widget elementor-widget-divider\" data-id=\"527beb3\" data-element_type=\"widget\" data-widget_type=\"divider.default\">\n\t\t\t\t<div class=\"elementor-widget-container\">\n\t\t\t\t\t<div class=\"elementor-divider\">\n\t\t\t<span class=\"elementor-divider-separator\">\n\t\t\t\t\t\t<\/span>\n\t\t<\/div>\n\t\t\t\t<\/div>\n\t\t\t\t<\/div>\n\t\t\t\t\t\t<\/div>\n\t\t\t\t\t<\/div>\n\t\t<\/div>\n\t\t\t\t\t\t\t\t<\/div>\n\t\t\t\t\t<\/div>\n\t\t<\/section>\n\t\t\t\t<section class=\"elementor-section elementor-top-section elementor-element elementor-element-f392568 elementor-section-boxed elementor-section-height-default elementor-section-height-default\" data-id=\"f392568\" data-element_type=\"section\">\n\t\t\t\t\t\t<div class=\"elementor-container elementor-column-gap-default\">\n\t\t\t\t\t\t\t<div class=\"elementor-row\">\n\t\t\t\t\t<div class=\"elementor-column elementor-col-33 elementor-top-column elementor-element elementor-element-2465794\" data-id=\"2465794\" data-element_type=\"column\">\n\t\t\t<div class=\"elementor-column-wrap elementor-element-populated\">\n\t\t\t\t\t\t\t<div class=\"elementor-widget-wrap\">\n\t\t\t\t\t\t<div class=\"elementor-element elementor-element-66a0f06 elementor-widget elementor-widget-text-editor\" data-id=\"66a0f06\" data-element_type=\"widget\" data-widget_type=\"text-editor.default\">\n\t\t\t\t<div class=\"elementor-widget-container\">\n\t\t\t\t\t\t\t\t<div class=\"elementor-text-editor elementor-clearfix\">\n\t\t\t\t<p style=\"text-align: center;\">\u00a0<strong><span style=\"color: #000000;\">Doporu\u010den\u00e1 frekvence o\u0161et\u0159en\u00ed CELL RENEW<\/span><\/strong><\/p><p style=\"text-align: center;\"><span style=\"color: #000000;\">Pro dosa\u017een\u00ed optim\u00e1ln\u00edch a dlouhodob\u00fdch v\u00fdsledk\u016f doporu\u010dujeme:<\/span><\/p><p style=\"text-align: center;\" data-start=\"298\" data-end=\"367\"><span style=\"color: #000000;\">K\u00fara 3 o\u0161et\u0159en\u00ed<\/span><br data-start=\"319\" data-end=\"322\" \/><span style=\"color: #000000;\">v intervalu 4 t\u00fddn\u016f dle stavu pleti<\/span><\/p><p style=\"text-align: center;\" data-start=\"370\" data-end=\"414\"><span style=\"color: #000000;\">n\u00e1sledn\u011b udr\u017eovac\u00ed o\u0161et\u0159en\u00ed 2\u00d7 ro\u010dn\u011b<\/span><\/p><p style=\"text-align: center;\" data-start=\"417\" data-end=\"486\"><span style=\"color: #000000;\">ide\u00e1ln\u00ed jako sou\u010d\u00e1st dlouhodob\u00e9ho anti-aging \/ Longevity programu<\/span><\/p><p style=\"text-align: center;\"><span style=\"color: #000000;\">Frekvence je v\u017edy individu\u00e1ln\u011b p\u0159izp\u016fsobena podle aktu\u00e1ln\u00ed kondice pleti, v\u011bku a c\u00edle o\u0161et\u0159en\u00ed.<\/span><\/p>\t\t\t\t\t<\/div>\n\t\t\t\t\t\t<\/div>\n\t\t\t\t<\/div>\n\t\t\t\t\t\t<\/div>\n\t\t\t\t\t<\/div>\n\t\t<\/div>\n\t\t\t\t<div class=\"elementor-column elementor-col-33 elementor-top-column elementor-element elementor-element-4a4e993\" data-id=\"4a4e993\" data-element_type=\"column\">\n\t\t\t<div class=\"elementor-column-wrap elementor-element-populated\">\n\t\t\t\t\t\t\t<div class=\"elementor-widget-wrap\">\n\t\t\t\t\t\t<div class=\"elementor-element elementor-element-90da5dd elementor-widget elementor-widget-text-editor\" data-id=\"90da5dd\" data-element_type=\"widget\" data-widget_type=\"text-editor.default\">\n\t\t\t\t<div class=\"elementor-widget-container\">\n\t\t\t\t\t\t\t\t<div class=\"elementor-text-editor elementor-clearfix\">\n\t\t\t\t<p style=\"text-align: center;\">\u00a0<span style=\"color: #000000;\"><strong data-start=\"2365\" data-end=\"2400\">V\u00fdsledky<\/strong><\/span><\/p><p style=\"text-align: center;\" data-start=\"2423\" data-end=\"2460\"><span style=\"color: #000000;\">Viditeln\u00e9 omlazen\u00ed a zpevn\u011bn\u00ed pleti. <\/span><\/p><p style=\"text-align: center;\" data-start=\"2423\" data-end=\"2460\"><span style=\"color: #000000;\">S<\/span><span style=\"color: #000000;\">jednocen\u00ed t\u00f3nu a projasn\u011bn\u00ed.<\/span><\/p><p style=\"text-align: center;\" data-start=\"2496\" data-end=\"2548\"><span style=\"color: #000000;\">Hlubok\u00e1 regenerace bun\u011bk a podpora tvorby kolagenu. <\/span><\/p><p style=\"text-align: center;\" data-start=\"2496\" data-end=\"2548\"><span style=\"color: #000000;\">D<\/span><span style=\"color: #000000;\">louhodob\u00e1 revitalizace a vitalita pleti.<\/span><\/p><p style=\"text-align: center;\" data-start=\"2596\" data-end=\"2631\"><span style=\"color: #000000;\">Zdrav\u00fd, mladistv\u00fd a z\u00e1\u0159iv\u00fd vzhled.<\/span><\/p><p data-start=\"2596\" data-end=\"2631\">\u00a0<\/p><p data-start=\"2596\" data-end=\"2631\">\u00a0<\/p><p data-start=\"2596\" data-end=\"2631\">\u00a0<\/p><p data-start=\"2596\" data-end=\"2631\">\u00a0<\/p><p data-start=\"2596\" data-end=\"2631\">\u00a0<\/p><p data-start=\"2596\" data-end=\"2631\">\u00a0<\/p><p data-start=\"2596\" data-end=\"2631\">\u00a0<\/p><p data-start=\"2596\" data-end=\"2631\">\u00a0<\/p><p data-start=\"2596\" data-end=\"2631\">\u00a0<\/p>\t\t\t\t\t<\/div>\n\t\t\t\t\t\t<\/div>\n\t\t\t\t<\/div>\n\t\t\t\t\t\t<\/div>\n\t\t\t\t\t<\/div>\n\t\t<\/div>\n\t\t\t\t<div class=\"elementor-column elementor-col-33 elementor-top-column elementor-element elementor-element-da3f816\" data-id=\"da3f816\" data-element_type=\"column\">\n\t\t\t<div class=\"elementor-column-wrap elementor-element-populated\">\n\t\t\t\t\t\t\t<div class=\"elementor-widget-wrap\">\n\t\t\t\t\t\t<div class=\"elementor-element elementor-element-638a26e elementor-widget elementor-widget-text-editor\" data-id=\"638a26e\" data-element_type=\"widget\" data-widget_type=\"text-editor.default\">\n\t\t\t\t<div class=\"elementor-widget-container\">\n\t\t\t\t\t\t\t\t<div class=\"elementor-text-editor elementor-clearfix\">\n\t\t\t\t<p style=\"text-align: center;\"><strong><span style=\"color: #000000;\">P\u00e9\u010de o ple\u0165 po o\u0161et\u0159en\u00ed<\/span><\/strong><\/p><p style=\"text-align: center;\"><span style=\"color: #000000;\">Spr\u00e1vn\u00e1 dom\u00e1c\u00ed p\u00e9\u010de je kl\u00ed\u010dov\u00e1 pro maxim\u00e1ln\u00ed efekt o\u0161et\u0159en\u00ed:<\/span><\/p><p style=\"text-align: center;\"><span style=\"color: #000000;\">Bezprost\u0159edn\u011b po o\u0161et\u0159en\u00ed:<\/span><\/p><p style=\"text-align: center;\"><span style=\"color: #000000;\">ple\u0165 m\u016f\u017ee b\u00fdt lehce za\u010dervenal\u00e1 nebo citliv\u011bj\u0161\u00ed (b\u011b\u017en\u00e1 reakce), <\/span><span style=\"color: #000000;\">nedot\u00fdkat se pleti, nema\u010dkat, nedr\u00e1\u017edit a <\/span><span style=\"color: #000000;\">nepou\u017e\u00edvat make-up minim\u00e1ln\u011b 24 hodin.<\/span><\/p><p style=\"text-align: center;\"><span style=\"color: #000000;\">Po dobu 3\u20135 dn\u016f:<\/span><\/p><p style=\"text-align: center;\"><span style=\"color: #000000;\">vyhnout se saun\u011b, sol\u00e1riu, intenzivn\u00edmu sportu a baz\u00e9nu, <\/span><span style=\"color: #000000;\">nevystavovat ple\u0165 p\u0159\u00edm\u00e9mu slunci a <\/span><span style=\"color: #000000;\">nepou\u017e\u00edvat exfolia\u010dn\u00ed produkty, kyseliny, retinoidy.<\/span><\/p><p style=\"text-align: center;\"><span style=\"color: #000000;\">Doporu\u010den\u00e1 dom\u00e1c\u00ed p\u00e9\u010de:<\/span><\/p><p style=\"text-align: center;\"><span style=\"color: #000000;\">jemn\u00e9 \u010di\u0161t\u011bn\u00ed pleti, <\/span><span style=\"color: #000000;\">intenzivn\u00ed hydratace a regenerace.<\/span><\/p><p style=\"text-align: center;\"><span style=\"color: #000000;\">Vysok\u00e1 UV ochrana (SPF 30\u201350) ka\u017ed\u00fd den, <\/span><span style=\"color: #000000;\">pou\u017e\u00edvat pouze doporu\u010den\u00e9 produkty dle typu pleti.<\/span><\/p><p>\u00a0<\/p>\t\t\t\t\t<\/div>\n\t\t\t\t\t\t<\/div>\n\t\t\t\t<\/div>\n\t\t\t\t\t\t<\/div>\n\t\t\t\t\t<\/div>\n\t\t<\/div>\n\t\t\t\t\t\t\t\t<\/div>\n\t\t\t\t\t<\/div>\n\t\t<\/section>\n\t\t\t\t<section class=\"elementor-section elementor-top-section elementor-element elementor-element-037b860 elementor-section-boxed elementor-section-height-default elementor-section-height-default\" data-id=\"037b860\" data-element_type=\"section\">\n\t\t\t\t\t\t<div class=\"elementor-container elementor-column-gap-default\">\n\t\t\t\t\t\t\t<div class=\"elementor-row\">\n\t\t\t\t\t<div class=\"elementor-column elementor-col-100 elementor-top-column elementor-element elementor-element-0da9ddb\" data-id=\"0da9ddb\" data-element_type=\"column\">\n\t\t\t<div class=\"elementor-column-wrap elementor-element-populated\">\n\t\t\t\t\t\t\t<div class=\"elementor-widget-wrap\">\n\t\t\t\t\t\t<div class=\"elementor-element elementor-element-8b6e06b elementor-widget-divider--view-line elementor-widget elementor-widget-divider\" data-id=\"8b6e06b\" data-element_type=\"widget\" data-widget_type=\"divider.default\">\n\t\t\t\t<div class=\"elementor-widget-container\">\n\t\t\t\t\t<div class=\"elementor-divider\">\n\t\t\t<span class=\"elementor-divider-separator\">\n\t\t\t\t\t\t<\/span>\n\t\t<\/div>\n\t\t\t\t<\/div>\n\t\t\t\t<\/div>\n\t\t\t\t\t\t<\/div>\n\t\t\t\t\t<\/div>\n\t\t<\/div>\n\t\t\t\t\t\t\t\t<\/div>\n\t\t\t\t\t<\/div>\n\t\t<\/section>\n\t\t\t\t<section class=\"elementor-section elementor-top-section elementor-element elementor-element-083f408 elementor-section-boxed elementor-section-height-default elementor-section-height-default\" data-id=\"083f408\" data-element_type=\"section\">\n\t\t\t\t\t\t<div class=\"elementor-container elementor-column-gap-default\">\n\t\t\t\t\t\t\t<div class=\"elementor-row\">\n\t\t\t\t\t<div class=\"elementor-column elementor-col-100 elementor-top-column elementor-element elementor-element-611b47f\" data-id=\"611b47f\" data-element_type=\"column\">\n\t\t\t<div class=\"elementor-column-wrap elementor-element-populated\">\n\t\t\t\t\t\t\t<div class=\"elementor-widget-wrap\">\n\t\t\t\t\t\t<div class=\"elementor-element elementor-element-31192c4 elementor-widget elementor-widget-image\" data-id=\"31192c4\" data-element_type=\"widget\" data-widget_type=\"image.default\">\n\t\t\t\t<div class=\"elementor-widget-container\">\n\t\t\t\t\t\t\t\t<div class=\"elementor-image\">\n\t\t\t\t\t\t\t\t\t<figure class=\"wp-caption\">\n\t\t\t\t\t\t\t\t\t\t<img loading=\"lazy\" decoding=\"async\" width=\"300\" height=\"300\" src=\"https:\/\/www.skinlabbyk.cz\/wp-content\/uploads\/2026\/01\/photo-output-1-300x300.jpeg\" class=\"attachment-medium size-medium\" alt=\"\" srcset=\"https:\/\/www.skinlabbyk.cz\/wp-content\/uploads\/2026\/01\/photo-output-1-300x300.jpeg 300w, https:\/\/www.skinlabbyk.cz\/wp-content\/uploads\/2026\/01\/photo-output-1-1024x1024.jpeg 1024w, https:\/\/www.skinlabbyk.cz\/wp-content\/uploads\/2026\/01\/photo-output-1-150x150.jpeg 150w, https:\/\/www.skinlabbyk.cz\/wp-content\/uploads\/2026\/01\/photo-output-1-768x768.jpeg 768w, https:\/\/www.skinlabbyk.cz\/wp-content\/uploads\/2026\/01\/photo-output-1-1536x1536.jpeg 1536w, https:\/\/www.skinlabbyk.cz\/wp-content\/uploads\/2026\/01\/photo-output-1-2048x2048.jpeg 2048w\" sizes=\"auto, (max-width: 300px) 100vw, 300px\" \/>\t\t\t\t\t\t\t\t\t\t\t<figcaption class=\"widget-image-caption wp-caption-text\">\u00a0Viditeln\u00e1 prom\u011bna pleti po 1 o\u0161et\u0159en\u00ed CELL RENEW<\/figcaption>\n\t\t\t\t\t\t\t\t\t\t<\/figure>\n\t\t\t\t\t\t\t\t<\/div>\n\t\t\t\t\t\t<\/div>\n\t\t\t\t<\/div>\n\t\t\t\t\t\t<\/div>\n\t\t\t\t\t<\/div>\n\t\t<\/div>\n\t\t\t\t\t\t\t\t<\/div>\n\t\t\t\t\t<\/div>\n\t\t<\/section>\n\t\t\t\t\t\t<\/div>\n\t\t\t\t\t\t<\/div>\n\t\t\t\t\t<\/div>\n\t\t","protected":false},"excerpt":{"rendered":"<p>CELL RENEW High-tech regenera\u010dn\u00ed ritu\u00e1l pro omlazen\u00ed a vitalitu pleti. Bun\u011b\u010dn\u00e1 obnova. Viditeln\u00e9 [&hellip;]<\/p>\n","protected":false},"author":1,"featured_media":0,"parent":0,"menu_order":0,"comment_status":"closed","ping_status":"closed","template":"","meta":{"footnotes":""},"class_list":["post-1094","page","type-page","status-publish","hentry"],"_links":{"self":[{"href":"https:\/\/www.skinlabbyk.cz\/index.php?rest_route=\/wp\/v2\/pages\/1094","targetHints":{"allow":["GET"]}}],"collection":[{"href":"https:\/\/www.skinlabbyk.cz\/index.php?rest_route=\/wp\/v2\/pages"}],"about":[{"href":"https:\/\/www.skinlabbyk.cz\/index.php?rest_route=\/wp\/v2\/types\/page"}],"author":[{"embeddable":true,"href":"https:\/\/www.skinlabbyk.cz\/index.php?rest_route=\/wp\/v2\/users\/1"}],"replies":[{"embeddable":true,"href":"https:\/\/www.skinlabbyk.cz\/index.php?rest_route=%2Fwp%2Fv2%2Fcomments&post=1094"}],"version-history":[{"count":389,"href":"https:\/\/www.skinlabbyk.cz\/index.php?rest_route=\/wp\/v2\/pages\/1094\/revisions"}],"predecessor-version":[{"id":15842,"href":"https:\/\/www.skinlabbyk.cz\/index.php?rest_route=\/wp\/v2\/pages\/1094\/revisions\/15842"}],"wp:attachment":[{"href":"https:\/\/www.skinlabbyk.cz\/index.php?rest_route=%2Fwp%2Fv2%2Fmedia&parent=1094"}],"curies":[{"name":"wp","href":"https:\/\/api.w.org\/{rel}","templated":true}]}}