{"id":1176,"date":"2021-04-26T12:41:35","date_gmt":"2021-04-26T12:41:35","guid":{"rendered":"http:\/\/www.skinlabbyk.cz\/?page_id=1176"},"modified":"2026-04-16T13:10:02","modified_gmt":"2026-04-16T13:10:02","slug":"cenik-n","status":"publish","type":"page","link":"https:\/\/www.skinlabbyk.cz\/?page_id=1176&lang=cs","title":{"rendered":"CEN\u00cdK \/ D\u00c1RKOV\u00c9 POUKAZY"},"content":{"rendered":"\t\t<div data-elementor-type=\"wp-page\" data-elementor-id=\"1176\" class=\"elementor elementor-1176\" data-elementor-settings=\"[]\">\n\t\t\t\t\t\t<div class=\"elementor-inner\">\n\t\t\t\t\t\t\t<div class=\"elementor-section-wrap\">\n\t\t\t\t\t\t\t<section class=\"elementor-section elementor-top-section elementor-element elementor-element-562383b elementor-section-boxed elementor-section-height-default elementor-section-height-default\" data-id=\"562383b\" data-element_type=\"section\">\n\t\t\t\t\t\t<div class=\"elementor-container elementor-column-gap-default\">\n\t\t\t\t\t\t\t<div class=\"elementor-row\">\n\t\t\t\t\t<div class=\"elementor-column elementor-col-50 elementor-top-column elementor-element elementor-element-5426bff\" data-id=\"5426bff\" data-element_type=\"column\">\n\t\t\t<div class=\"elementor-column-wrap elementor-element-populated\">\n\t\t\t\t\t\t\t<div class=\"elementor-widget-wrap\">\n\t\t\t\t\t\t<div class=\"elementor-element elementor-element-e326037 elementor-widget elementor-widget-image\" data-id=\"e326037\" data-element_type=\"widget\" data-widget_type=\"image.default\">\n\t\t\t\t<div class=\"elementor-widget-container\">\n\t\t\t\t\t\t\t\t<div class=\"elementor-image\">\n\t\t\t\t\t\t\t\t\t\t\t\t<img loading=\"lazy\" decoding=\"async\" width=\"768\" height=\"1365\" src=\"https:\/\/www.skinlabbyk.cz\/wp-content\/uploads\/2026\/04\/IMG_2751-768x1365.png\" class=\"attachment-medium_large size-medium_large\" alt=\"\" srcset=\"https:\/\/www.skinlabbyk.cz\/wp-content\/uploads\/2026\/04\/IMG_2751-768x1365.png 768w, https:\/\/www.skinlabbyk.cz\/wp-content\/uploads\/2026\/04\/IMG_2751-169x300.png 169w, https:\/\/www.skinlabbyk.cz\/wp-content\/uploads\/2026\/04\/IMG_2751-576x1024.png 576w, https:\/\/www.skinlabbyk.cz\/wp-content\/uploads\/2026\/04\/IMG_2751-864x1536.png 864w, https:\/\/www.skinlabbyk.cz\/wp-content\/uploads\/2026\/04\/IMG_2751.png 1080w\" sizes=\"auto, (max-width: 768px) 100vw, 768px\" \/>\t\t\t\t\t\t\t\t\t\t\t\t\t\t<\/div>\n\t\t\t\t\t\t<\/div>\n\t\t\t\t<\/div>\n\t\t\t\t\t\t<\/div>\n\t\t\t\t\t<\/div>\n\t\t<\/div>\n\t\t\t\t<div class=\"elementor-column elementor-col-50 elementor-top-column elementor-element elementor-element-52c43aa\" data-id=\"52c43aa\" data-element_type=\"column\">\n\t\t\t<div class=\"elementor-column-wrap elementor-element-populated\">\n\t\t\t\t\t\t\t<div class=\"elementor-widget-wrap\">\n\t\t\t\t\t\t<div class=\"elementor-element elementor-element-ae0c036 elementor-widget elementor-widget-image\" data-id=\"ae0c036\" data-element_type=\"widget\" data-widget_type=\"image.default\">\n\t\t\t\t<div class=\"elementor-widget-container\">\n\t\t\t\t\t\t\t\t<div class=\"elementor-image\">\n\t\t\t\t\t\t\t\t\t\t\t\t<img loading=\"lazy\" decoding=\"async\" width=\"576\" height=\"1024\" src=\"https:\/\/www.skinlabbyk.cz\/wp-content\/uploads\/2026\/04\/IMG_2753-576x1024.png\" class=\"attachment-large size-large\" alt=\"\" srcset=\"https:\/\/www.skinlabbyk.cz\/wp-content\/uploads\/2026\/04\/IMG_2753-576x1024.png 576w, https:\/\/www.skinlabbyk.cz\/wp-content\/uploads\/2026\/04\/IMG_2753-169x300.png 169w, https:\/\/www.skinlabbyk.cz\/wp-content\/uploads\/2026\/04\/IMG_2753-768x1365.png 768w, https:\/\/www.skinlabbyk.cz\/wp-content\/uploads\/2026\/04\/IMG_2753-864x1536.png 864w, https:\/\/www.skinlabbyk.cz\/wp-content\/uploads\/2026\/04\/IMG_2753.png 1080w\" sizes=\"auto, (max-width: 576px) 100vw, 576px\" \/>\t\t\t\t\t\t\t\t\t\t\t\t\t\t<\/div>\n\t\t\t\t\t\t<\/div>\n\t\t\t\t<\/div>\n\t\t\t\t\t\t<\/div>\n\t\t\t\t\t<\/div>\n\t\t<\/div>\n\t\t\t\t\t\t\t\t<\/div>\n\t\t\t\t\t<\/div>\n\t\t<\/section>\n\t\t\t\t<section class=\"elementor-section elementor-top-section elementor-element elementor-element-20a20ca elementor-section-boxed elementor-section-height-default elementor-section-height-default\" data-id=\"20a20ca\" data-element_type=\"section\">\n\t\t\t\t\t\t<div class=\"elementor-container elementor-column-gap-default\">\n\t\t\t\t\t\t\t<div class=\"elementor-row\">\n\t\t\t\t\t<div class=\"elementor-column elementor-col-100 elementor-top-column elementor-element elementor-element-a16e5f5\" data-id=\"a16e5f5\" data-element_type=\"column\">\n\t\t\t<div class=\"elementor-column-wrap\">\n\t\t\t\t\t\t\t<div class=\"elementor-widget-wrap\">\n\t\t\t\t\t\t\t\t<\/div>\n\t\t\t\t\t<\/div>\n\t\t<\/div>\n\t\t\t\t\t\t\t\t<\/div>\n\t\t\t\t\t<\/div>\n\t\t<\/section>\n\t\t\t\t<section class=\"elementor-section elementor-top-section elementor-element elementor-element-1d28134 elementor-section-boxed elementor-section-height-default elementor-section-height-default\" data-id=\"1d28134\" data-element_type=\"section\">\n\t\t\t\t\t\t<div class=\"elementor-container elementor-column-gap-default\">\n\t\t\t\t\t\t\t<div class=\"elementor-row\">\n\t\t\t\t\t<div class=\"elementor-column elementor-col-100 elementor-top-column elementor-element elementor-element-e258511\" data-id=\"e258511\" data-element_type=\"column\">\n\t\t\t<div class=\"elementor-column-wrap elementor-element-populated\">\n\t\t\t\t\t\t\t<div class=\"elementor-widget-wrap\">\n\t\t\t\t\t\t<div class=\"elementor-element elementor-element-ac7a73d elementor-widget elementor-widget-text-editor\" data-id=\"ac7a73d\" data-element_type=\"widget\" data-widget_type=\"text-editor.default\">\n\t\t\t\t<div class=\"elementor-widget-container\">\n\t\t\t\t\t\t\t\t<div class=\"elementor-text-editor elementor-clearfix\">\n\t\t\t\t<h6 style=\"text-align: center;\"><span style=\"color: #000000;\">Kompletn\u00ed cen\u00edk naleznete tak\u00e9 v salonu na recepci. Platn\u00fd od 5.1.2026.<\/span><\/h6><h6 style=\"text-align: center;\"><span style=\"color: #000000;\">Podm\u00ednky zru\u0161en\u00ed n\u00e1v\u0161t\u011bvy: Pokud se nem\u016f\u017eete v dohodnut\u00e9m term\u00ednu dostavit, kontaktujte kosmeti\u010dku nejpozd\u011bji v\u0161ak 24 hodin p\u0159ed zah\u00e1jen\u00edm n\u00e1v\u0161t\u011bvy telefonicky, formou whatsapp \/ SMS na \u010d\u00edsle 730191066. P\u0159\u00edpadn\u011b p\u0159es rezerva\u010dn\u00ed syst\u00e9m. Pokud tak neu\u010din\u00edte, bude V\u00e1m \u00fa\u010dtov\u00e1no 70% s \u010d\u00e1stky o\u0161et\u0159en\u00ed.<\/span><\/h6><p style=\"text-align: center;\">\u00a0<\/p>\t\t\t\t\t<\/div>\n\t\t\t\t\t\t<\/div>\n\t\t\t\t<\/div>\n\t\t\t\t\t\t<\/div>\n\t\t\t\t\t<\/div>\n\t\t<\/div>\n\t\t\t\t\t\t\t\t<\/div>\n\t\t\t\t\t<\/div>\n\t\t<\/section>\n\t\t\t\t<section class=\"elementor-section elementor-top-section elementor-element elementor-element-fd95d23 elementor-section-boxed elementor-section-height-default elementor-section-height-default\" data-id=\"fd95d23\" data-element_type=\"section\">\n\t\t\t\t\t\t<div class=\"elementor-container elementor-column-gap-default\">\n\t\t\t\t\t\t\t<div class=\"elementor-row\">\n\t\t\t\t\t<div class=\"elementor-column elementor-col-100 elementor-top-column elementor-element elementor-element-4fd2e18\" data-id=\"4fd2e18\" data-element_type=\"column\">\n\t\t\t<div class=\"elementor-column-wrap elementor-element-populated\">\n\t\t\t\t\t\t\t<div class=\"elementor-widget-wrap\">\n\t\t\t\t\t\t<div class=\"elementor-element elementor-element-ffd1da9 elementor-widget elementor-widget-text-editor\" data-id=\"ffd1da9\" data-element_type=\"widget\" data-widget_type=\"text-editor.default\">\n\t\t\t\t<div class=\"elementor-widget-container\">\n\t\t\t\t\t\t\t\t<div class=\"elementor-text-editor elementor-clearfix\">\n\t\t\t\t<p style=\"text-align: center;\"><span style=\"color: #000000; font-family: TiemposHeadline, sans-serif; font-size: 25px; font-style: normal; font-variant-ligatures: normal; font-variant-caps: normal; letter-spacing: 10px; text-align: center; text-transform: uppercase;\">\u00a0<\/span><span style=\"font-style: normal; font-variant-ligatures: normal; font-variant-caps: normal; color: #000000; font-family: TiemposHeadline, sans-serif; font-size: 25px; letter-spacing: 10px; text-transform: uppercase;\"><strong>D\u00c1RKOV\u00fd POUKAZ \/ <\/strong><\/span><strong><span style=\"font-style: normal; font-variant-ligatures: normal; font-variant-caps: normal; color: #000000; font-family: TiemposHeadline, sans-serif; font-size: 25px; letter-spacing: 10px; text-transform: uppercase;\">gift voucher<\/span><\/strong><\/p>\t\t\t\t\t<\/div>\n\t\t\t\t\t\t<\/div>\n\t\t\t\t<\/div>\n\t\t\t\t\t\t<\/div>\n\t\t\t\t\t<\/div>\n\t\t<\/div>\n\t\t\t\t\t\t\t\t<\/div>\n\t\t\t\t\t<\/div>\n\t\t<\/section>\n\t\t\t\t<section class=\"elementor-section elementor-top-section elementor-element elementor-element-e5c516f elementor-section-boxed elementor-section-height-default elementor-section-height-default\" data-id=\"e5c516f\" data-element_type=\"section\">\n\t\t\t\t\t\t<div class=\"elementor-container elementor-column-gap-default\">\n\t\t\t\t\t\t\t<div class=\"elementor-row\">\n\t\t\t\t\t<div class=\"elementor-column elementor-col-100 elementor-top-column elementor-element elementor-element-38b0105\" data-id=\"38b0105\" data-element_type=\"column\">\n\t\t\t<div class=\"elementor-column-wrap elementor-element-populated\">\n\t\t\t\t\t\t\t<div class=\"elementor-widget-wrap\">\n\t\t\t\t\t\t<div class=\"elementor-element elementor-element-f89c698 elementor-widget elementor-widget-text-editor\" data-id=\"f89c698\" data-element_type=\"widget\" data-widget_type=\"text-editor.default\">\n\t\t\t\t<div class=\"elementor-widget-container\">\n\t\t\t\t\t\t\t\t<div class=\"elementor-text-editor elementor-clearfix\">\n\t\t\t\t<p style=\"text-align: center;\"><span style=\"color: #000000;\">Darujte p\u00e9\u010di, kter\u00e1 pot\u011b\u0161\u00ed.<\/span><\/p><p style=\"text-align: center;\"><span style=\"color: #000000;\">D\u00e1rkov\u00e9 karty nab\u00edz\u00edme v hodnot\u00e1ch 2000 K\u010d, 3000 K\u010d a 5000 K\u010d.<\/span><\/p><p style=\"text-align: center;\"><span style=\"color: #000000;\">Lze zaslat elektronicky na v\u00e1\u0161 email nebo si vyzvednout v salonu Skinlab by K.<\/span><\/p><p style=\"text-align: center;\"><span style=\"color: #000000;\">Zp\u016fsob doru\u010den\u00ed a platby: Elektronicky \u2013 poukaz v\u00e1m bude zasl\u00e1n na e-mail spolu s QR k\u00f3dem k \u00fahrad\u011b. Po zaplacen\u00ed se st\u00e1v\u00e1 platn\u00fdm. Osobn\u00ed vyzvednut\u00ed v salonu \u2013 poukaz lze zaplatit pomoc\u00ed QR k\u00f3du nebo v hotovosti p\u0159\u00edmo na m\u00edst\u011b.<\/span><\/p><p style=\"text-align: center;\"><span style=\"color: #000000;\">Podm\u00ednky pou\u017e\u00edv\u00e1n\u00ed: Na n\u00e1kup d\u00e1rkov\u00fdch karet nelze uplatnit slevy ani ak\u010dn\u00ed nab\u00eddky. D\u00e1rkov\u00e9 karty nelze sm\u011bnit za pen\u00edze. Platnost je 6 m\u011bs\u00edc\u016f od data vystaven\u00ed.<\/span><\/p>\t\t\t\t\t<\/div>\n\t\t\t\t\t\t<\/div>\n\t\t\t\t<\/div>\n\t\t\t\t\t\t<\/div>\n\t\t\t\t\t<\/div>\n\t\t<\/div>\n\t\t\t\t\t\t\t\t<\/div>\n\t\t\t\t\t<\/div>\n\t\t<\/section>\n\t\t\t\t<section class=\"elementor-section elementor-top-section elementor-element elementor-element-752ae08 elementor-section-boxed elementor-section-height-default elementor-section-height-default\" data-id=\"752ae08\" data-element_type=\"section\">\n\t\t\t\t\t\t<div class=\"elementor-container elementor-column-gap-default\">\n\t\t\t\t\t\t\t<div class=\"elementor-row\">\n\t\t\t\t\t<div class=\"elementor-column elementor-col-100 elementor-top-column elementor-element elementor-element-7cd5046\" data-id=\"7cd5046\" data-element_type=\"column\">\n\t\t\t<div class=\"elementor-column-wrap elementor-element-populated\">\n\t\t\t\t\t\t\t<div class=\"elementor-widget-wrap\">\n\t\t\t\t\t\t<div class=\"elementor-element elementor-element-14c2d12 elementor-widget elementor-widget-image\" data-id=\"14c2d12\" data-element_type=\"widget\" data-widget_type=\"image.default\">\n\t\t\t\t<div class=\"elementor-widget-container\">\n\t\t\t\t\t\t\t\t<div class=\"elementor-image\">\n\t\t\t\t\t\t\t\t\t\t\t\t<img loading=\"lazy\" decoding=\"async\" width=\"768\" height=\"545\" src=\"https:\/\/www.skinlabbyk.cz\/wp-content\/uploads\/2024\/11\/1-768x545.png\" class=\"attachment-medium_large size-medium_large\" alt=\"\" srcset=\"https:\/\/www.skinlabbyk.cz\/wp-content\/uploads\/2024\/11\/1-768x545.png 768w, https:\/\/www.skinlabbyk.cz\/wp-content\/uploads\/2024\/11\/1-300x213.png 300w, https:\/\/www.skinlabbyk.cz\/wp-content\/uploads\/2024\/11\/1-1024x726.png 1024w, https:\/\/www.skinlabbyk.cz\/wp-content\/uploads\/2024\/11\/1-1536x1090.png 1536w, https:\/\/www.skinlabbyk.cz\/wp-content\/uploads\/2024\/11\/1.png 1748w\" sizes=\"auto, (max-width: 768px) 100vw, 768px\" \/>\t\t\t\t\t\t\t\t\t\t\t\t\t\t<\/div>\n\t\t\t\t\t\t<\/div>\n\t\t\t\t<\/div>\n\t\t\t\t\t\t<\/div>\n\t\t\t\t\t<\/div>\n\t\t<\/div>\n\t\t\t\t\t\t\t\t<\/div>\n\t\t\t\t\t<\/div>\n\t\t<\/section>\n\t\t\t\t<section class=\"elementor-section elementor-top-section elementor-element elementor-element-08c34be elementor-section-boxed elementor-section-height-default elementor-section-height-default\" data-id=\"08c34be\" data-element_type=\"section\">\n\t\t\t\t\t\t<div class=\"elementor-container elementor-column-gap-default\">\n\t\t\t\t\t\t\t<div class=\"elementor-row\">\n\t\t\t\t\t<div class=\"elementor-column elementor-col-100 elementor-top-column elementor-element elementor-element-0ad90bb\" data-id=\"0ad90bb\" data-element_type=\"column\">\n\t\t\t<div class=\"elementor-column-wrap elementor-element-populated\">\n\t\t\t\t\t\t\t<div class=\"elementor-widget-wrap\">\n\t\t\t\t\t\t<div class=\"elementor-element elementor-element-a4c5076 elementor-widget elementor-widget-image\" data-id=\"a4c5076\" data-element_type=\"widget\" data-widget_type=\"image.default\">\n\t\t\t\t<div class=\"elementor-widget-container\">\n\t\t\t\t\t\t\t\t<div class=\"elementor-image\">\n\t\t\t\t\t\t\t\t\t\t\t\t<img loading=\"lazy\" decoding=\"async\" width=\"768\" height=\"545\" src=\"https:\/\/www.skinlabbyk.cz\/wp-content\/uploads\/2024\/12\/Copy-of-White-Gray-Elegant-Gift-Voucher-Gift-Certificate-2-768x545.png\" class=\"attachment-medium_large size-medium_large\" alt=\"\" srcset=\"https:\/\/www.skinlabbyk.cz\/wp-content\/uploads\/2024\/12\/Copy-of-White-Gray-Elegant-Gift-Voucher-Gift-Certificate-2-768x545.png 768w, https:\/\/www.skinlabbyk.cz\/wp-content\/uploads\/2024\/12\/Copy-of-White-Gray-Elegant-Gift-Voucher-Gift-Certificate-2-300x213.png 300w, https:\/\/www.skinlabbyk.cz\/wp-content\/uploads\/2024\/12\/Copy-of-White-Gray-Elegant-Gift-Voucher-Gift-Certificate-2-1024x726.png 1024w, https:\/\/www.skinlabbyk.cz\/wp-content\/uploads\/2024\/12\/Copy-of-White-Gray-Elegant-Gift-Voucher-Gift-Certificate-2-1536x1090.png 1536w, https:\/\/www.skinlabbyk.cz\/wp-content\/uploads\/2024\/12\/Copy-of-White-Gray-Elegant-Gift-Voucher-Gift-Certificate-2.png 1748w\" sizes=\"auto, (max-width: 768px) 100vw, 768px\" \/>\t\t\t\t\t\t\t\t\t\t\t\t\t\t<\/div>\n\t\t\t\t\t\t<\/div>\n\t\t\t\t<\/div>\n\t\t\t\t\t\t<\/div>\n\t\t\t\t\t<\/div>\n\t\t<\/div>\n\t\t\t\t\t\t\t\t<\/div>\n\t\t\t\t\t<\/div>\n\t\t<\/section>\n\t\t\t\t<section class=\"elementor-section elementor-top-section elementor-element elementor-element-9da09f4 elementor-section-boxed elementor-section-height-default elementor-section-height-default\" data-id=\"9da09f4\" data-element_type=\"section\">\n\t\t\t\t\t\t<div class=\"elementor-container elementor-column-gap-default\">\n\t\t\t\t\t\t\t<div class=\"elementor-row\">\n\t\t\t\t\t<div class=\"elementor-column elementor-col-100 elementor-top-column elementor-element elementor-element-01085f9\" data-id=\"01085f9\" data-element_type=\"column\">\n\t\t\t<div class=\"elementor-column-wrap elementor-element-populated\">\n\t\t\t\t\t\t\t<div class=\"elementor-widget-wrap\">\n\t\t\t\t\t\t<div class=\"elementor-element elementor-element-5cc13e4 elementor-widget elementor-widget-image\" data-id=\"5cc13e4\" data-element_type=\"widget\" data-widget_type=\"image.default\">\n\t\t\t\t<div class=\"elementor-widget-container\">\n\t\t\t\t\t\t\t\t<div class=\"elementor-image\">\n\t\t\t\t\t\t\t\t\t\t\t\t<img loading=\"lazy\" decoding=\"async\" width=\"768\" height=\"545\" src=\"https:\/\/www.skinlabbyk.cz\/wp-content\/uploads\/2025\/04\/3-768x545.png\" class=\"attachment-medium_large size-medium_large\" alt=\"\" srcset=\"https:\/\/www.skinlabbyk.cz\/wp-content\/uploads\/2025\/04\/3-768x545.png 768w, https:\/\/www.skinlabbyk.cz\/wp-content\/uploads\/2025\/04\/3-300x213.png 300w, https:\/\/www.skinlabbyk.cz\/wp-content\/uploads\/2025\/04\/3-1024x726.png 1024w, https:\/\/www.skinlabbyk.cz\/wp-content\/uploads\/2025\/04\/3-1536x1090.png 1536w, https:\/\/www.skinlabbyk.cz\/wp-content\/uploads\/2025\/04\/3.png 1748w\" sizes=\"auto, (max-width: 768px) 100vw, 768px\" \/>\t\t\t\t\t\t\t\t\t\t\t\t\t\t<\/div>\n\t\t\t\t\t\t<\/div>\n\t\t\t\t<\/div>\n\t\t\t\t\t\t<\/div>\n\t\t\t\t\t<\/div>\n\t\t<\/div>\n\t\t\t\t\t\t\t\t<\/div>\n\t\t\t\t\t<\/div>\n\t\t<\/section>\n\t\t\t\t\t\t<\/div>\n\t\t\t\t\t\t<\/div>\n\t\t\t\t\t<\/div>\n\t\t","protected":false},"excerpt":{"rendered":"<p>Kompletn\u00ed cen\u00edk naleznete tak\u00e9 v salonu na recepci. Platn\u00fd od 5.1.2026. Podm\u00ednky zru\u0161en\u00ed [&hellip;]<\/p>\n","protected":false},"author":1,"featured_media":0,"parent":0,"menu_order":0,"comment_status":"closed","ping_status":"closed","template":"","meta":{"footnotes":""},"class_list":["post-1176","page","type-page","status-publish","hentry"],"_links":{"self":[{"href":"https:\/\/www.skinlabbyk.cz\/index.php?rest_route=\/wp\/v2\/pages\/1176","targetHints":{"allow":["GET"]}}],"collection":[{"href":"https:\/\/www.skinlabbyk.cz\/index.php?rest_route=\/wp\/v2\/pages"}],"about":[{"href":"https:\/\/www.skinlabbyk.cz\/index.php?rest_route=\/wp\/v2\/types\/page"}],"author":[{"embeddable":true,"href":"https:\/\/www.skinlabbyk.cz\/index.php?rest_route=\/wp\/v2\/users\/1"}],"replies":[{"embeddable":true,"href":"https:\/\/www.skinlabbyk.cz\/index.php?rest_route=%2Fwp%2Fv2%2Fcomments&post=1176"}],"version-history":[{"count":1642,"href":"https:\/\/www.skinlabbyk.cz\/index.php?rest_route=\/wp\/v2\/pages\/1176\/revisions"}],"predecessor-version":[{"id":16838,"href":"https:\/\/www.skinlabbyk.cz\/index.php?rest_route=\/wp\/v2\/pages\/1176\/revisions\/16838"}],"wp:attachment":[{"href":"https:\/\/www.skinlabbyk.cz\/index.php?rest_route=%2Fwp%2Fv2%2Fmedia&parent=1176"}],"curies":[{"name":"wp","href":"https:\/\/api.w.org\/{rel}","templated":true}]}}