{"id":233,"date":"2020-10-10T21:31:38","date_gmt":"2020-10-10T21:31:38","guid":{"rendered":"http:\/\/www.skinlabbyk.cz\/?page_id=233"},"modified":"2026-03-01T11:33:39","modified_gmt":"2026-03-01T11:33:39","slug":"contact","status":"publish","type":"page","link":"https:\/\/www.skinlabbyk.cz\/?page_id=233","title":{"rendered":"CONTACT"},"content":{"rendered":"\t\t<div data-elementor-type=\"wp-page\" data-elementor-id=\"233\" class=\"elementor elementor-233\" data-elementor-settings=\"[]\">\n\t\t\t\t\t\t<div class=\"elementor-inner\">\n\t\t\t\t\t\t\t<div class=\"elementor-section-wrap\">\n\t\t\t\t\t\t\t<section class=\"elementor-section elementor-top-section elementor-element elementor-element-b7d3484 elementor-section-boxed elementor-section-height-default elementor-section-height-default\" data-id=\"b7d3484\" data-element_type=\"section\">\n\t\t\t\t\t\t<div class=\"elementor-container elementor-column-gap-default\">\n\t\t\t\t\t\t\t<div class=\"elementor-row\">\n\t\t\t\t\t<div class=\"elementor-column elementor-col-50 elementor-top-column elementor-element elementor-element-6253ba4\" data-id=\"6253ba4\" data-element_type=\"column\">\n\t\t\t<div class=\"elementor-column-wrap elementor-element-populated\">\n\t\t\t\t\t\t\t<div class=\"elementor-widget-wrap\">\n\t\t\t\t\t\t<div class=\"elementor-element elementor-element-aa599d3 elementor-widget elementor-widget-image\" data-id=\"aa599d3\" data-element_type=\"widget\" data-widget_type=\"image.default\">\n\t\t\t\t<div class=\"elementor-widget-container\">\n\t\t\t\t\t\t\t\t<div class=\"elementor-image\">\n\t\t\t\t\t\t\t\t\t\t\t\t<img loading=\"lazy\" decoding=\"async\" width=\"768\" height=\"1365\" src=\"https:\/\/www.skinlabbyk.cz\/wp-content\/uploads\/2026\/03\/4-768x1365.png\" class=\"attachment-medium_large size-medium_large\" alt=\"\" srcset=\"https:\/\/www.skinlabbyk.cz\/wp-content\/uploads\/2026\/03\/4-768x1365.png 768w, https:\/\/www.skinlabbyk.cz\/wp-content\/uploads\/2026\/03\/4-169x300.png 169w, https:\/\/www.skinlabbyk.cz\/wp-content\/uploads\/2026\/03\/4-576x1024.png 576w, https:\/\/www.skinlabbyk.cz\/wp-content\/uploads\/2026\/03\/4-864x1536.png 864w, https:\/\/www.skinlabbyk.cz\/wp-content\/uploads\/2026\/03\/4.png 1080w\" sizes=\"auto, (max-width: 768px) 100vw, 768px\" \/>\t\t\t\t\t\t\t\t\t\t\t\t\t\t<\/div>\n\t\t\t\t\t\t<\/div>\n\t\t\t\t<\/div>\n\t\t\t\t\t\t<\/div>\n\t\t\t\t\t<\/div>\n\t\t<\/div>\n\t\t\t\t<div class=\"elementor-column elementor-col-50 elementor-top-column elementor-element elementor-element-b3e670c\" data-id=\"b3e670c\" data-element_type=\"column\">\n\t\t\t<div class=\"elementor-column-wrap elementor-element-populated\">\n\t\t\t\t\t\t\t<div class=\"elementor-widget-wrap\">\n\t\t\t\t\t\t<div class=\"elementor-element elementor-element-5552987 elementor-widget elementor-widget-image\" data-id=\"5552987\" data-element_type=\"widget\" data-widget_type=\"image.default\">\n\t\t\t\t<div class=\"elementor-widget-container\">\n\t\t\t\t\t\t\t\t<div class=\"elementor-image\">\n\t\t\t\t\t\t\t\t\t\t\t\t<img loading=\"lazy\" decoding=\"async\" width=\"768\" height=\"1365\" src=\"https:\/\/www.skinlabbyk.cz\/wp-content\/uploads\/2026\/03\/5-768x1365.png\" class=\"attachment-medium_large size-medium_large\" alt=\"\" srcset=\"https:\/\/www.skinlabbyk.cz\/wp-content\/uploads\/2026\/03\/5-768x1365.png 768w, https:\/\/www.skinlabbyk.cz\/wp-content\/uploads\/2026\/03\/5-169x300.png 169w, https:\/\/www.skinlabbyk.cz\/wp-content\/uploads\/2026\/03\/5-576x1024.png 576w, https:\/\/www.skinlabbyk.cz\/wp-content\/uploads\/2026\/03\/5-864x1536.png 864w, https:\/\/www.skinlabbyk.cz\/wp-content\/uploads\/2026\/03\/5.png 1080w\" sizes=\"auto, (max-width: 768px) 100vw, 768px\" \/>\t\t\t\t\t\t\t\t\t\t\t\t\t\t<\/div>\n\t\t\t\t\t\t<\/div>\n\t\t\t\t<\/div>\n\t\t\t\t\t\t<\/div>\n\t\t\t\t\t<\/div>\n\t\t<\/div>\n\t\t\t\t\t\t\t\t<\/div>\n\t\t\t\t\t<\/div>\n\t\t<\/section>\n\t\t\t\t<section class=\"elementor-section elementor-top-section elementor-element elementor-element-14ec9cc elementor-section-boxed elementor-section-height-default elementor-section-height-default\" data-id=\"14ec9cc\" data-element_type=\"section\">\n\t\t\t\t\t\t<div class=\"elementor-container elementor-column-gap-default\">\n\t\t\t\t\t\t\t<div class=\"elementor-row\">\n\t\t\t\t\t<div class=\"elementor-column elementor-col-100 elementor-top-column elementor-element elementor-element-abffe5b\" data-id=\"abffe5b\" data-element_type=\"column\">\n\t\t\t<div class=\"elementor-column-wrap elementor-element-populated\">\n\t\t\t\t\t\t\t<div class=\"elementor-widget-wrap\">\n\t\t\t\t\t\t<div class=\"elementor-element elementor-element-f567078 elementor-widget elementor-widget-google_maps\" data-id=\"f567078\" data-element_type=\"widget\" data-widget_type=\"google_maps.default\">\n\t\t\t\t<div class=\"elementor-widget-container\">\n\t\t\t\t\t<div class=\"elementor-custom-embed\">\n\t\t\t<iframe frameborder=\"0\" scrolling=\"no\" marginheight=\"0\" marginwidth=\"0\"\n\t\t\t\t\tsrc=\"https:\/\/maps.google.com\/maps?q=%C4%8Ceskoslovensk%C3%A9%20arm%C3%A1dy%20788%2F16%2C%20160%2000%20Praha%206-Bubene%C4%8D%20%28Beauty%20and%20health%20salon%20Skinlab%20by%20K%29&#038;t=m&#038;z=15&#038;output=embed&#038;iwloc=near\"\n\t\t\t\t\ttitle=\"\u010ceskoslovensk\u00e9 arm\u00e1dy 788\/16, 160 00 Praha 6-Bubene\u010d (Beauty and health salon Skinlab by K)\"\n\t\t\t\t\taria-label=\"\u010ceskoslovensk\u00e9 arm\u00e1dy 788\/16, 160 00 Praha 6-Bubene\u010d (Beauty and health salon Skinlab by K)\"\n\t\t\t><\/iframe>\n\t\t<\/div>\n\t\t\t\t<\/div>\n\t\t\t\t<\/div>\n\t\t\t\t\t\t<\/div>\n\t\t\t\t\t<\/div>\n\t\t<\/div>\n\t\t\t\t\t\t\t\t<\/div>\n\t\t\t\t\t<\/div>\n\t\t<\/section>\n\t\t\t\t\t\t<\/div>\n\t\t\t\t\t\t<\/div>\n\t\t\t\t\t<\/div>\n\t\t","protected":false},"excerpt":{"rendered":"<p> [&hellip;]<\/p>\n","protected":false},"author":1,"featured_media":0,"parent":0,"menu_order":0,"comment_status":"closed","ping_status":"closed","template":"","meta":{"footnotes":""},"class_list":["post-233","page","type-page","status-publish","hentry"],"_links":{"self":[{"href":"https:\/\/www.skinlabbyk.cz\/index.php?rest_route=\/wp\/v2\/pages\/233","targetHints":{"allow":["GET"]}}],"collection":[{"href":"https:\/\/www.skinlabbyk.cz\/index.php?rest_route=\/wp\/v2\/pages"}],"about":[{"href":"https:\/\/www.skinlabbyk.cz\/index.php?rest_route=\/wp\/v2\/types\/page"}],"author":[{"embeddable":true,"href":"https:\/\/www.skinlabbyk.cz\/index.php?rest_route=\/wp\/v2\/users\/1"}],"replies":[{"embeddable":true,"href":"https:\/\/www.skinlabbyk.cz\/index.php?rest_route=%2Fwp%2Fv2%2Fcomments&post=233"}],"version-history":[{"count":285,"href":"https:\/\/www.skinlabbyk.cz\/index.php?rest_route=\/wp\/v2\/pages\/233\/revisions"}],"predecessor-version":[{"id":16091,"href":"https:\/\/www.skinlabbyk.cz\/index.php?rest_route=\/wp\/v2\/pages\/233\/revisions\/16091"}],"wp:attachment":[{"href":"https:\/\/www.skinlabbyk.cz\/index.php?rest_route=%2Fwp%2Fv2%2Fmedia&parent=233"}],"curies":[{"name":"wp","href":"https:\/\/api.w.org\/{rel}","templated":true}]}}