{"id":2363,"date":"2022-03-08T23:12:37","date_gmt":"2022-03-08T23:12:37","guid":{"rendered":"https:\/\/www.skinlabbyk.cz\/?page_id=2363"},"modified":"2025-05-01T13:40:09","modified_gmt":"2025-05-01T13:40:09","slug":"bombshell-breast-ritual","status":"publish","type":"page","link":"https:\/\/www.skinlabbyk.cz\/?page_id=2363&lang=cs","title":{"rendered":"ANTI-AGING STEM CELLS THERAPY"},"content":{"rendered":"\t\t<div data-elementor-type=\"wp-page\" data-elementor-id=\"2363\" class=\"elementor elementor-2363\" data-elementor-settings=\"[]\">\n\t\t\t\t\t\t<div class=\"elementor-inner\">\n\t\t\t\t\t\t\t<div class=\"elementor-section-wrap\">\n\t\t\t\t\t\t\t<section class=\"elementor-section elementor-top-section elementor-element elementor-element-3e9b6c27 elementor-section-boxed elementor-section-height-default elementor-section-height-default\" data-id=\"3e9b6c27\" data-element_type=\"section\">\n\t\t\t\t\t\t<div class=\"elementor-container elementor-column-gap-default\">\n\t\t\t\t\t\t\t<div class=\"elementor-row\">\n\t\t\t\t\t<div class=\"elementor-column elementor-col-50 elementor-top-column elementor-element elementor-element-4aa29f55\" data-id=\"4aa29f55\" data-element_type=\"column\">\n\t\t\t<div class=\"elementor-column-wrap elementor-element-populated\">\n\t\t\t\t\t\t\t<div class=\"elementor-widget-wrap\">\n\t\t\t\t\t\t<div class=\"elementor-element elementor-element-266e82d8 elementor-widget elementor-widget-text-editor\" data-id=\"266e82d8\" data-element_type=\"widget\" data-widget_type=\"text-editor.default\">\n\t\t\t\t<div class=\"elementor-widget-container\">\n\t\t\t\t\t\t\t\t<div class=\"elementor-text-editor elementor-clearfix\">\n\t\t\t\t<p><span style=\"color: #000000;\"><strong>ANTI-AGING STEM CELLS THERAPY\u00a0<\/strong><\/span><\/p><p><span style=\"color: #000000;\">Technologie, kter\u00e1 prodlou\u017e\u00ed \u017eivotnost va\u0161\u00ed poko\u017eky.<\/span><\/p><p><span style=\"color: #000000;\"><strong>&#8220;Anti-Aging Stem Cells Therapy&#8221;<\/strong> je \u0161pi\u010dkov\u00fd p\u0159\u00edstup v p\u00e9\u010di o ple\u0165, kter\u00fd vyu\u017e\u00edv\u00e1 technologii kmenov\u00fdch bun\u011bk k omlazen\u00ed pleti a boji proti zn\u00e1mk\u00e1m st\u00e1rnut\u00ed. Toto o\u0161et\u0159en\u00ed je zam\u011b\u0159eno na podporu regenerace poko\u017eky, zv\u00fd\u0161en\u00ed elasticity a redukci jemn\u00fdch linek a vr\u00e1sek.Toto o\u0161et\u0159en\u00ed stimuluje bu\u0148ky, kter\u00e9 jsou regenerov\u00e1ny v ka\u017ed\u00e9 vrstv\u011b pleti a rozvrac\u00ed proces st\u00e1rnut\u00ed. Z\u00e1kladem je slo\u017een\u00ed, a to <strong>kmenov\u00e9 bu\u0148ky ze \u0161v\u00fdcarsk\u00e9ho jablka, Uttwiler Sp\u00e4tlauber<\/strong>, s vysokou regenera\u010dn\u00ed schopnost\u00ed.<\/span><\/p><p><span style=\"color: #000000;\">Jedn\u00e1 se o velmi p\u0159\u00edjemn\u00e9 a h\u00fd\u010dkaj\u00edc\u00ed o\u0161et\u0159en\u00ed, kter\u00e9 se nese v p\u0159\u00edjemn\u00fdch v\u016fn\u00edch bobul\u00ed g\u00f3je, pupe\u010dn\u00edku asijsk\u00e9ho a dal\u0161\u00edch aktivn\u00edch l\u00e1tek. <strong>Obsahuje 5 f\u00e1z\u00ed aplika\u010dn\u00edch bod\u016f<\/strong>, kde se propoj\u00ed s\u00edla kmenov\u00fdch bun\u011bk, koncentrac\u00ed a mas\u00e1\u017en\u00edch technik pomoc\u00ed v\u00e1le\u010dk\u016f, stimuluj\u00edc\u00ed ko\u017en\u00ed bu\u0148ky.<\/span><\/p><p><span style=\"color: #000000;\">Benefity o\u0161et\u0159en\u00ed:<\/span><\/p><ul><li><strong><span style=\"color: #000000;\">Podporuje regeneraci a obnovu poko\u017eky.<\/span><\/strong><\/li><li><strong><span style=\"color: #000000;\">Redukuje v\u00fdskyt jemn\u00fdch linek, vr\u00e1sek a sta\u0159eck\u00fdch skvrn.<\/span><\/strong><\/li><li><strong><span style=\"color: #000000;\">Zlep\u0161uje texturu pleti, pru\u017enost a celkov\u00fd t\u00f3n pleti, sjednocuje.\u00a0<\/span><\/strong><\/li><li><strong><span style=\"color: #000000;\">Prevence v\u00fdskytu akn\u00e9 a pup\u00ednk\u016f.<\/span><\/strong><\/li><\/ul><p><span style=\"color: #000000;\">Toto pokro\u010dil\u00e9 o\u0161et\u0159en\u00ed obli\u010deje:<\/span><\/p><ul><li><strong><span style=\"color: #000000;\">Je skv\u011bl\u00e9 jako prevence p\u0159ed sluncem, jako p\u0159\u00edprava na l\u00e9to anebo po z\u00e1sahu slunce (vhodn\u00e9 o\u0161et\u0159en\u00ed i po letn\u00edch m\u011bs\u00edc\u00edch). <\/span><\/strong><\/li><li><strong><span style=\"color: #000000;\">Je ide\u00e1ln\u00ed pro ka\u017ed\u00e9ho, kdo chce investovat do dlouhodob\u00e9ho zdrav\u00ed sv\u00e9 poko\u017eky a dos\u00e1hnout mladistv\u00e9ho, revitalizovan\u00e9ho vzhledu!<\/span><\/strong><\/li><\/ul><p><span style=\"color: #000000;\">Vhodn\u00e1 kombinace s:<\/span><\/p><ul><li><strong><a href=\"https:\/\/www.skinlabbyk.cz\/?page_id=9469&amp;lang=cs\"><span style=\"color: #000000;\">technika dermaplaning<\/span><\/a><\/strong><\/li><li><strong><span style=\"color: #000000;\">sv\u011bteln\u00e1 terapie<\/span><\/strong><\/li><\/ul><p><span style=\"color: #0000ff;\"><strong><a style=\"color: #0000ff;\" href=\"https:\/\/www.fresha.com\/cs\/book-now\/skinlab-by-k-br8k55f9\/services?lid=1441788&amp;eid=3270149&amp;oiid=sv%3A19215902&amp;share&amp;pId=1369256\">Voln\u00e9 term\u00edny naleznete ZDE<\/a>.<\/strong><\/span><\/p><div class=\"cxmmr5t8 oygrvhab hcukyx3x c1et5uql o9v6fnle ii04i59q\"><div dir=\"auto\">\u00a0<\/div><\/div><div class=\"cxmmr5t8 oygrvhab hcukyx3x c1et5uql o9v6fnle ii04i59q\"><div dir=\"auto\">\u00a0<\/div><\/div><div class=\"cxmmr5t8 oygrvhab hcukyx3x c1et5uql o9v6fnle ii04i59q\">\u00a0<\/div><p><!-- \/wp:paragraph --><\/p>\t\t\t\t\t<\/div>\n\t\t\t\t\t\t<\/div>\n\t\t\t\t<\/div>\n\t\t\t\t\t\t<\/div>\n\t\t\t\t\t<\/div>\n\t\t<\/div>\n\t\t\t\t<div class=\"elementor-column elementor-col-50 elementor-top-column elementor-element elementor-element-addb37e\" data-id=\"addb37e\" data-element_type=\"column\">\n\t\t\t<div class=\"elementor-column-wrap elementor-element-populated\">\n\t\t\t\t\t\t\t<div class=\"elementor-widget-wrap\">\n\t\t\t\t\t\t<div class=\"elementor-element elementor-element-f2266fd elementor-widget elementor-widget-image\" data-id=\"f2266fd\" data-element_type=\"widget\" data-widget_type=\"image.default\">\n\t\t\t\t<div class=\"elementor-widget-container\">\n\t\t\t\t\t\t\t\t<div class=\"elementor-image\">\n\t\t\t\t\t\t\t\t\t\t\t\t<img loading=\"lazy\" decoding=\"async\" width=\"768\" height=\"432\" src=\"https:\/\/www.skinlabbyk.cz\/wp-content\/uploads\/2025\/05\/Blog_Banners_b40264d5-d68e-40ab-8f9e-786e76365273-768x432.webp\" class=\"attachment-medium_large size-medium_large\" alt=\"\" srcset=\"https:\/\/www.skinlabbyk.cz\/wp-content\/uploads\/2025\/05\/Blog_Banners_b40264d5-d68e-40ab-8f9e-786e76365273-768x432.webp 768w, https:\/\/www.skinlabbyk.cz\/wp-content\/uploads\/2025\/05\/Blog_Banners_b40264d5-d68e-40ab-8f9e-786e76365273-300x169.webp 300w, https:\/\/www.skinlabbyk.cz\/wp-content\/uploads\/2025\/05\/Blog_Banners_b40264d5-d68e-40ab-8f9e-786e76365273-1024x576.webp 1024w, https:\/\/www.skinlabbyk.cz\/wp-content\/uploads\/2025\/05\/Blog_Banners_b40264d5-d68e-40ab-8f9e-786e76365273-1536x864.webp 1536w, https:\/\/www.skinlabbyk.cz\/wp-content\/uploads\/2025\/05\/Blog_Banners_b40264d5-d68e-40ab-8f9e-786e76365273-2048x1152.webp 2048w\" sizes=\"auto, (max-width: 768px) 100vw, 768px\" \/>\t\t\t\t\t\t\t\t\t\t\t\t\t\t<\/div>\n\t\t\t\t\t\t<\/div>\n\t\t\t\t<\/div>\n\t\t\t\t\t\t<\/div>\n\t\t\t\t\t<\/div>\n\t\t<\/div>\n\t\t\t\t\t\t\t\t<\/div>\n\t\t\t\t\t<\/div>\n\t\t<\/section>\n\t\t\t\t\t\t<\/div>\n\t\t\t\t\t\t<\/div>\n\t\t\t\t\t<\/div>\n\t\t","protected":false},"excerpt":{"rendered":"<p>ANTI-AGING STEM CELLS THERAPY\u00a0 Technologie, kter\u00e1 prodlou\u017e\u00ed \u017eivotnost va\u0161\u00ed poko\u017eky. &#8220;Anti-Aging Stem Cells [&hellip;]<\/p>\n","protected":false},"author":1,"featured_media":0,"parent":0,"menu_order":0,"comment_status":"closed","ping_status":"closed","template":"","meta":{"footnotes":""},"class_list":["post-2363","page","type-page","status-publish","hentry"],"_links":{"self":[{"href":"https:\/\/www.skinlabbyk.cz\/index.php?rest_route=\/wp\/v2\/pages\/2363","targetHints":{"allow":["GET"]}}],"collection":[{"href":"https:\/\/www.skinlabbyk.cz\/index.php?rest_route=\/wp\/v2\/pages"}],"about":[{"href":"https:\/\/www.skinlabbyk.cz\/index.php?rest_route=\/wp\/v2\/types\/page"}],"author":[{"embeddable":true,"href":"https:\/\/www.skinlabbyk.cz\/index.php?rest_route=\/wp\/v2\/users\/1"}],"replies":[{"embeddable":true,"href":"https:\/\/www.skinlabbyk.cz\/index.php?rest_route=%2Fwp%2Fv2%2Fcomments&post=2363"}],"version-history":[{"count":131,"href":"https:\/\/www.skinlabbyk.cz\/index.php?rest_route=\/wp\/v2\/pages\/2363\/revisions"}],"predecessor-version":[{"id":11366,"href":"https:\/\/www.skinlabbyk.cz\/index.php?rest_route=\/wp\/v2\/pages\/2363\/revisions\/11366"}],"wp:attachment":[{"href":"https:\/\/www.skinlabbyk.cz\/index.php?rest_route=%2Fwp%2Fv2%2Fmedia&parent=2363"}],"curies":[{"name":"wp","href":"https:\/\/api.w.org\/{rel}","templated":true}]}}