{"id":8279,"date":"2025-01-13T19:16:26","date_gmt":"2025-01-13T19:16:26","guid":{"rendered":"https:\/\/www.skinlabbyk.cz\/?page_id=8279"},"modified":"2025-12-27T15:19:06","modified_gmt":"2025-12-27T15:19:06","slug":"osetreni-s-exosomy","status":"publish","type":"page","link":"https:\/\/www.skinlabbyk.cz\/?page_id=8279&lang=cs","title":{"rendered":"TERAPIE S EXOZOMY (REGENERACE BUN\u011aK)"},"content":{"rendered":"\t\t<div data-elementor-type=\"wp-page\" data-elementor-id=\"8279\" class=\"elementor elementor-8279\" data-elementor-settings=\"[]\">\n\t\t\t\t\t\t<div class=\"elementor-inner\">\n\t\t\t\t\t\t\t<div class=\"elementor-section-wrap\">\n\t\t\t\t\t\t\t<section class=\"elementor-section elementor-top-section elementor-element elementor-element-51657f4 elementor-section-boxed elementor-section-height-default elementor-section-height-default\" data-id=\"51657f4\" data-element_type=\"section\">\n\t\t\t\t\t\t<div class=\"elementor-container elementor-column-gap-default\">\n\t\t\t\t\t\t\t<div class=\"elementor-row\">\n\t\t\t\t\t<div class=\"elementor-column elementor-col-100 elementor-top-column elementor-element elementor-element-172dc20\" data-id=\"172dc20\" data-element_type=\"column\">\n\t\t\t<div class=\"elementor-column-wrap elementor-element-populated\">\n\t\t\t\t\t\t\t<div class=\"elementor-widget-wrap\">\n\t\t\t\t\t\t<div class=\"elementor-element elementor-element-bb635d3 elementor-widget elementor-widget-text-editor\" data-id=\"bb635d3\" data-element_type=\"widget\" data-widget_type=\"text-editor.default\">\n\t\t\t\t<div class=\"elementor-widget-container\">\n\t\t\t\t\t\t\t\t<div class=\"elementor-text-editor elementor-clearfix\">\n\t\t\t\t<p style=\"text-align: center;\"><span style=\"color: #000000;\"><strong>Antiaging a regenerace bun\u011bk<\/strong><\/span><\/p>\t\t\t\t\t<\/div>\n\t\t\t\t\t\t<\/div>\n\t\t\t\t<\/div>\n\t\t\t\t\t\t<\/div>\n\t\t\t\t\t<\/div>\n\t\t<\/div>\n\t\t\t\t\t\t\t\t<\/div>\n\t\t\t\t\t<\/div>\n\t\t<\/section>\n\t\t\t\t<section class=\"elementor-section elementor-top-section elementor-element elementor-element-1145ab3 elementor-section-boxed elementor-section-height-default elementor-section-height-default\" data-id=\"1145ab3\" data-element_type=\"section\">\n\t\t\t\t\t\t<div class=\"elementor-container elementor-column-gap-default\">\n\t\t\t\t\t\t\t<div class=\"elementor-row\">\n\t\t\t\t\t<div class=\"elementor-column elementor-col-100 elementor-top-column elementor-element elementor-element-77df2fb\" data-id=\"77df2fb\" data-element_type=\"column\">\n\t\t\t<div class=\"elementor-column-wrap elementor-element-populated\">\n\t\t\t\t\t\t\t<div class=\"elementor-widget-wrap\">\n\t\t\t\t\t\t<div class=\"elementor-element elementor-element-253fd2b elementor-widget-divider--view-line elementor-widget elementor-widget-divider\" data-id=\"253fd2b\" data-element_type=\"widget\" data-widget_type=\"divider.default\">\n\t\t\t\t<div class=\"elementor-widget-container\">\n\t\t\t\t\t<div class=\"elementor-divider\">\n\t\t\t<span class=\"elementor-divider-separator\">\n\t\t\t\t\t\t<\/span>\n\t\t<\/div>\n\t\t\t\t<\/div>\n\t\t\t\t<\/div>\n\t\t\t\t\t\t<\/div>\n\t\t\t\t\t<\/div>\n\t\t<\/div>\n\t\t\t\t\t\t\t\t<\/div>\n\t\t\t\t\t<\/div>\n\t\t<\/section>\n\t\t\t\t<section class=\"elementor-section elementor-top-section elementor-element elementor-element-e511071 elementor-section-boxed elementor-section-height-default elementor-section-height-default\" data-id=\"e511071\" data-element_type=\"section\">\n\t\t\t\t\t\t<div class=\"elementor-container elementor-column-gap-default\">\n\t\t\t\t\t\t\t<div class=\"elementor-row\">\n\t\t\t\t\t<div class=\"elementor-column elementor-col-100 elementor-top-column elementor-element elementor-element-df4740c\" data-id=\"df4740c\" data-element_type=\"column\">\n\t\t\t<div class=\"elementor-column-wrap elementor-element-populated\">\n\t\t\t\t\t\t\t<div class=\"elementor-widget-wrap\">\n\t\t\t\t\t\t<div class=\"elementor-element elementor-element-f41f5c4 elementor-widget elementor-widget-text-editor\" data-id=\"f41f5c4\" data-element_type=\"widget\" data-widget_type=\"text-editor.default\">\n\t\t\t\t<div class=\"elementor-widget-container\">\n\t\t\t\t\t\t\t\t<div class=\"elementor-text-editor elementor-clearfix\">\n\t\t\t\t<p style=\"text-align: center;\">\u00a0<span style=\"color: #000000;\"><strong>Exozomy &#8211; b<\/strong><\/span><span style=\"color: #000000;\"><strong>udoucnost omlazen\u00ed pleti a dlouhov\u011bkosti poko\u017eky<\/strong><\/span><\/p><p data-start=\"327\" data-end=\"621\"><span style=\"color: #000000;\">V modern\u00ed kosmetologii se st\u00e1le v\u00edce mluv\u00ed o exozomech \u2013 mal\u00fdch nosi\u010d\u00edch biologick\u00fdch sign\u00e1l\u016f, kter\u00e9 mohou z\u00e1sadn\u011b ovlivnit zdrav\u00ed a vzhled poko\u017eky. Tyto nano \u010d\u00e1stice, obsahuj\u00edc\u00ed proteiny, lipidy a mikroRNA, dok\u00e1\u017eou komunikovat s bu\u0148kami pleti a aktivovat p\u0159irozen\u00e9 regenera\u010dn\u00ed procesy.<\/span><\/p><p data-start=\"623\" data-end=\"779\"><span style=\"color: #000000;\"><strong>V kontextu Longevity a anti-aging p\u00e9\u010de hraj\u00ed exozomy z\u00e1sadn\u00ed roli.<\/strong> Nejde jen o kr\u00e1tkodob\u00e9 zlep\u0161en\u00ed vzhledu, ale o podporu dlouhodob\u00e9 vitality poko\u017eky:<\/span><\/p><ul data-start=\"781\" data-end=\"1495\"><li data-start=\"781\" data-end=\"911\"><p data-start=\"783\" data-end=\"911\"><span style=\"color: #000000;\">Stimulace kolagenu a elastinu: exozomy pom\u00e1haj\u00ed udr\u017eet pevnost a pru\u017enost pleti, \u010d\u00edm\u017e zpomaluj\u00ed viditeln\u00e9 zn\u00e1mky st\u00e1rnut\u00ed.<\/span><\/p><\/li><li data-start=\"912\" data-end=\"1050\"><p data-start=\"914\" data-end=\"1050\"><span style=\"color: #000000;\">Hydratace a regenerace: aktivn\u011b podporuj\u00ed obnovu ko\u017en\u00ed bari\u00e9ry, zvy\u0161uj\u00ed hydrataci a zaji\u0161\u0165uj\u00ed, \u017ee poko\u017eka z\u016fst\u00e1v\u00e1 zdrav\u00e1 a odoln\u00e1.<\/span><\/p><\/li><li data-start=\"1051\" data-end=\"1177\"><p data-start=\"1053\" data-end=\"1177\"><span style=\"color: #000000;\">Protiz\u00e1n\u011btliv\u00e9 \u00fa\u010dinky: sni\u017euj\u00ed zarudnut\u00ed, podr\u00e1\u017ed\u011bn\u00ed a z\u00e1n\u011btliv\u00e9 stavy, \u010d\u00edm\u017e p\u0159isp\u00edvaj\u00ed k dlouhodob\u00e9mu zdrav\u00ed poko\u017eky.<\/span><\/p><\/li><li data-start=\"1178\" data-end=\"1325\"><p data-start=\"1180\" data-end=\"1325\"><span style=\"color: #000000;\">Podpora hojen\u00ed a regenerace: po procedur\u00e1ch, jako je mikrojehli\u010dkov\u00e1n\u00ed, chemick\u00fd peeling nebo laser, urychluj\u00ed obnovu a minimalizuj\u00ed jizvy.<\/span><\/p><\/li><li data-start=\"1326\" data-end=\"1495\"><p data-start=\"1328\" data-end=\"1495\"><span style=\"color: #000000;\">Zlep\u0161en\u00ed struktury a vitality pleti: exozomy podporuj\u00ed bun\u011b\u010dnou komunikaci a metabolismus poko\u017eky, co\u017e vede k viditeln\u011b zdrav\u011bj\u0161\u00ed, jemn\u011bj\u0161\u00ed a mladistv\u011bj\u0161\u00ed pleti.<\/span><\/p><\/li><\/ul>\t\t\t\t\t<\/div>\n\t\t\t\t\t\t<\/div>\n\t\t\t\t<\/div>\n\t\t\t\t\t\t<\/div>\n\t\t\t\t\t<\/div>\n\t\t<\/div>\n\t\t\t\t\t\t\t\t<\/div>\n\t\t\t\t\t<\/div>\n\t\t<\/section>\n\t\t\t\t<section class=\"elementor-section elementor-top-section elementor-element elementor-element-b246423 elementor-section-boxed elementor-section-height-default elementor-section-height-default\" data-id=\"b246423\" data-element_type=\"section\">\n\t\t\t\t\t\t<div class=\"elementor-container elementor-column-gap-default\">\n\t\t\t\t\t\t\t<div class=\"elementor-row\">\n\t\t\t\t\t<div class=\"elementor-column elementor-col-100 elementor-top-column elementor-element elementor-element-36bc8f7\" data-id=\"36bc8f7\" data-element_type=\"column\">\n\t\t\t<div class=\"elementor-column-wrap elementor-element-populated\">\n\t\t\t\t\t\t\t<div class=\"elementor-widget-wrap\">\n\t\t\t\t\t\t<div class=\"elementor-element elementor-element-99db0d9 elementor-widget elementor-widget-text-editor\" data-id=\"99db0d9\" data-element_type=\"widget\" data-widget_type=\"text-editor.default\">\n\t\t\t\t<div class=\"elementor-widget-container\">\n\t\t\t\t\t\t\t\t<div class=\"elementor-text-editor elementor-clearfix\">\n\t\t\t\t<p style=\"text-align: center;\"><strong><span style=\"color: #000000;\">DRUHY O\u0160ET\u0158EN\u00cd S EXOZOMY<\/span><\/strong><\/p>\t\t\t\t\t<\/div>\n\t\t\t\t\t\t<\/div>\n\t\t\t\t<\/div>\n\t\t\t\t\t\t<\/div>\n\t\t\t\t\t<\/div>\n\t\t<\/div>\n\t\t\t\t\t\t\t\t<\/div>\n\t\t\t\t\t<\/div>\n\t\t<\/section>\n\t\t\t\t<section class=\"elementor-section elementor-top-section elementor-element elementor-element-6091bb7 elementor-section-boxed elementor-section-height-default elementor-section-height-default\" data-id=\"6091bb7\" data-element_type=\"section\">\n\t\t\t\t\t\t<div class=\"elementor-container elementor-column-gap-default\">\n\t\t\t\t\t\t\t<div class=\"elementor-row\">\n\t\t\t\t\t<div class=\"elementor-column elementor-col-50 elementor-top-column elementor-element elementor-element-9b0d5c7\" data-id=\"9b0d5c7\" data-element_type=\"column\">\n\t\t\t<div class=\"elementor-column-wrap elementor-element-populated\">\n\t\t\t\t\t\t\t<div class=\"elementor-widget-wrap\">\n\t\t\t\t\t\t<div class=\"elementor-element elementor-element-a09c546 elementor-widget elementor-widget-text-editor\" data-id=\"a09c546\" data-element_type=\"widget\" data-widget_type=\"text-editor.default\">\n\t\t\t\t<div class=\"elementor-widget-container\">\n\t\t\t\t\t\t\t\t<div class=\"elementor-text-editor elementor-clearfix\">\n\t\t\t\t<p style=\"text-align: center;\" data-start=\"124\" data-end=\"180\"><span style=\"color: #000000;\"><strong>Mikrojehlov\u00e9 omlazen\u00ed s Exozomy \u2013 IDENEL PEPTAXEL<\/strong><\/span><\/p><p style=\"text-align: left;\" data-start=\"182\" data-end=\"400\"><span style=\"color: #000000;\">Objevte dvouf\u00e1zov\u00e9 o\u0161et\u0159en\u00ed IDENEL PEPTAXEL s mikrojehli\u010dkami a exozomy \u2013 hit modern\u00ed kosmetologie. <\/span><\/p><p style=\"text-align: left;\" data-start=\"182\" data-end=\"400\"><span style=\"color: #000000;\">Program odstra\u0148uje hyperpigmentaci, vyhlazuje vr\u00e1sky, zjem\u0148uje jizvi\u010dky po akn\u00e9 a je vhodn\u00fd i pro citlivou ple\u0165.<\/span><\/p><p style=\"text-align: left;\" data-start=\"402\" data-end=\"684\"><span style=\"color: #000000;\">Metoda mikrojehli\u010dkov\u00e1n\u00ed s technologi\u00ed Altum\u2122 Peptide p\u0159esn\u011b doru\u010duje aktivn\u00ed l\u00e1tky do hlub\u0161\u00edch vrstev poko\u017eky \u2013 bez slo\u017eit\u00e9ho p\u0159\u00edstrojov\u00e9ho vybaven\u00ed. V\u00fdsledkem je profesion\u00e1ln\u00ed p\u00e9\u010de s viditeln\u00fdmi efekty u\u017e po prvn\u00edm o\u0161et\u0159en\u00ed, inspirovan\u00e1 korejsk\u00fdmi laboratorn\u00edmi v\u00fdzkumy.<\/span><\/p><p style=\"text-align: center;\" data-start=\"131\" data-end=\"197\"><span style=\"color: #000000;\"><strong>NAD Peel Invity s exozomy \u2013 energie a omlazen\u00ed pro va\u0161i ple\u0165<\/strong><\/span><\/p><p data-start=\"199\" data-end=\"415\"><span style=\"color: #000000;\"><strong>NAD Peel Invity<\/strong> je intenzivn\u00ed peeling, kter\u00fd jemn\u011b obnovuje povrch poko\u017eky, podporuje regeneraci bun\u011bk a zlep\u0161uje texturu pleti. Pom\u00e1h\u00e1 vyhladit jemn\u00e9 vr\u00e1sky, sjednotit t\u00f3n pleti a dodat j\u00ed zdrav\u00fd, z\u00e1\u0159iv\u00fd vzhled. O\u0161et\u0159en\u00ed je vhodn\u00e9 pro v\u0161echny typy pleti, v\u010detn\u011b citliv\u00e9, a vytv\u00e1\u0159\u00ed ide\u00e1ln\u00ed z\u00e1klad pro dal\u0161\u00ed anti-aging a regenera\u010dn\u00ed p\u00e9\u010di.<\/span><\/p><p data-start=\"199\" data-end=\"415\"><span style=\"color: #000000;\"><strong>Kombinace NAD Peelingu a exozom\u016f<\/strong> p\u0159edstavuje inovativn\u00ed p\u0159\u00edstup k omlazen\u00ed pleti. Peeling jemn\u011b obnovuje povrch poko\u017eky, zat\u00edmco exozomy podporuj\u00ed regeneraci bun\u011bk, tvorbu kolagenu a zlep\u0161en\u00ed elasticity pleti.<\/span><\/p><p data-start=\"417\" data-end=\"619\"><span style=\"color: #000000;\">V\u00fdsledkem je hlad\u0161\u00ed, z\u00e1\u0159iv\u011bj\u0161\u00ed a mladistv\u011bj\u0161\u00ed ple\u0165, kter\u00e1 je revitalizovan\u00e1 a p\u0159ipraven\u00e1 odol\u00e1vat zn\u00e1mk\u00e1m st\u00e1rnut\u00ed.<\/span>\u00a0<\/p>\t\t\t\t\t<\/div>\n\t\t\t\t\t\t<\/div>\n\t\t\t\t<\/div>\n\t\t\t\t\t\t<\/div>\n\t\t\t\t\t<\/div>\n\t\t<\/div>\n\t\t\t\t<div class=\"elementor-column elementor-col-50 elementor-top-column elementor-element elementor-element-ee684e2\" data-id=\"ee684e2\" data-element_type=\"column\">\n\t\t\t<div class=\"elementor-column-wrap elementor-element-populated\">\n\t\t\t\t\t\t\t<div class=\"elementor-widget-wrap\">\n\t\t\t\t\t\t<div class=\"elementor-element elementor-element-12fad77 elementor-widget elementor-widget-text-editor\" data-id=\"12fad77\" data-element_type=\"widget\" data-widget_type=\"text-editor.default\">\n\t\t\t\t<div class=\"elementor-widget-container\">\n\t\t\t\t\t\t\t\t<div class=\"elementor-text-editor elementor-clearfix\">\n\t\t\t\t<p style=\"text-align: center;\" data-start=\"149\" data-end=\"228\"><span style=\"color: #000000;\"><strong>Neinvazivn\u00ed mezoterapie s exozomy \u201eHollywood Skin\u201c \u2013 pro dlouhov\u011bkou ple\u0165<\/strong><\/span><\/p><p data-start=\"230\" data-end=\"453\"><span style=\"color: #000000;\">Kombinace exozom\u016f a neinvazivn\u00ed mezoterapie p\u0159edstavuje sou\u010dasn\u00fd trend v estetick\u00e9 medic\u00edn\u011b a kosmetologii. Tato metoda nejen okam\u017eit\u011b zlep\u0161uje vzhled poko\u017eky, ale podporuje jej\u00ed dlouhodobou vitalitu a regeneraci.<\/span><\/p><p data-start=\"455\" data-end=\"474\"><span style=\"color: #000000;\"><strong>Pro\u010d funguje<\/strong><\/span><\/p><ul data-start=\"475\" data-end=\"966\"><li data-start=\"475\" data-end=\"626\"><p data-start=\"477\" data-end=\"626\"><span style=\"color: #000000;\">Hlubok\u00e1 penetrace aktivn\u00edch l\u00e1tek: o\u0161et\u0159en\u00ed umo\u017e\u0148uje exosom\u016fm doru\u010dit r\u016fstov\u00e9 faktory a proteiny p\u0159\u00edmo do hlub\u0161\u00edch vrstev poko\u017eky.<\/span><\/p><\/li><li data-start=\"627\" data-end=\"738\"><p data-start=\"629\" data-end=\"738\"><span style=\"color: #000000;\">Regenerace a omlazen\u00ed: stimulace tvorby kolagenu a elastinu zlep\u0161uje pevnost, pru\u017enost a texturu pleti.<\/span><\/p><\/li><li data-start=\"739\" data-end=\"856\"><p data-start=\"741\" data-end=\"856\"><span style=\"color: #000000;\">Rychl\u00e9 hojen\u00ed: exozomy urychluj\u00ed obnovu po o\u0161et\u0159en\u00ed, zkracuj\u00ed dobu rekonvalescence a minimalizuj\u00ed podr\u00e1\u017ed\u011bn\u00ed.<\/span><\/p><\/li><li data-start=\"857\" data-end=\"966\"><p data-start=\"859\" data-end=\"966\"><span style=\"color: #000000;\">Protiz\u00e1n\u011btliv\u00fd efekt: pom\u00e1haj\u00ed redukovat zarudnut\u00ed a z\u00e1n\u011bty, zaji\u0161\u0165uj\u00ed komfort a bezpe\u010dnost o\u0161et\u0159en\u00ed.<\/span><\/p><\/li><\/ul><p data-start=\"968\" data-end=\"1210\"><span style=\"color: #000000;\"><strong>V\u00fdsledky<\/strong><\/span><\/p><p data-start=\"968\" data-end=\"1210\"><span style=\"color: #000000;\">U\u017e po n\u011bkolika sezen\u00edch (3\u20135 o\u0161et\u0159en\u00ed) je ple\u0165 viditeln\u011b hlad\u0161\u00ed, pevn\u011bj\u0161\u00ed a mladistv\u011bj\u0161\u00ed. Doporu\u010den\u00e1 frekvence: ka\u017ed\u00e9 3\u20134 t\u00fddny pro optim\u00e1ln\u00ed \u00fa\u010dinek a podporu skin Longevity \u2013 zdrav\u00e9, odoln\u00e9 a kr\u00e1sn\u00e9 pleti na dlouhou dobu.<\/span><\/p>\t\t\t\t\t<\/div>\n\t\t\t\t\t\t<\/div>\n\t\t\t\t<\/div>\n\t\t\t\t\t\t<\/div>\n\t\t\t\t\t<\/div>\n\t\t<\/div>\n\t\t\t\t\t\t\t\t<\/div>\n\t\t\t\t\t<\/div>\n\t\t<\/section>\n\t\t\t\t<section class=\"elementor-section elementor-top-section elementor-element elementor-element-7890632 elementor-section-boxed elementor-section-height-default elementor-section-height-default\" data-id=\"7890632\" data-element_type=\"section\">\n\t\t\t\t\t\t<div class=\"elementor-container elementor-column-gap-default\">\n\t\t\t\t\t\t\t<div class=\"elementor-row\">\n\t\t\t\t\t<div class=\"elementor-column elementor-col-50 elementor-top-column elementor-element elementor-element-2407037\" data-id=\"2407037\" data-element_type=\"column\">\n\t\t\t<div class=\"elementor-column-wrap elementor-element-populated\">\n\t\t\t\t\t\t\t<div class=\"elementor-widget-wrap\">\n\t\t\t\t\t\t<div class=\"elementor-element elementor-element-3a55aa4 elementor-widget elementor-widget-text-editor\" data-id=\"3a55aa4\" data-element_type=\"widget\" data-widget_type=\"text-editor.default\">\n\t\t\t\t<div class=\"elementor-widget-container\">\n\t\t\t\t\t\t\t\t<div class=\"elementor-text-editor elementor-clearfix\">\n\t\t\t\t<p style=\"text-align: center;\" data-start=\"149\" data-end=\"228\"><span style=\"color: #000000;\"><strong>Neinvazivn\u00ed mezoterapie <\/strong><strong>vlasov\u00e9 poko\u017eky s exozomy pro podporu dlouhodob\u00e9 vitality vlas\u016f<\/strong><\/span><\/p><p data-start=\"188\" data-end=\"380\"><span style=\"color: #000000;\">Toto o\u0161et\u0159en\u00ed spojuje \u0161etrnou neinvazivn\u00ed mezoterapii s revolu\u010dn\u00edmi exosomy \u2013 nano\u010d\u00e1sticemi, kter\u00e9 obsahuj\u00ed r\u016fstov\u00e9 faktory a sign\u00e1ln\u00ed molekuly podporuj\u00edc\u00ed regeneraci vlasov\u00fdch folikul\u016f.<\/span><\/p><p data-start=\"382\" data-end=\"408\"><span style=\"color: #000000;\"><strong>Jak o\u0161et\u0159en\u00ed funguje<\/strong><\/span><\/p><ol data-start=\"409\" data-end=\"825\"><li data-start=\"409\" data-end=\"553\"><p data-start=\"412\" data-end=\"553\"><span style=\"color: #000000;\">Aplikace aktivn\u00edch l\u00e1tek: pomoc\u00ed jemn\u00e9 neinvazivn\u00ed metody se do vlasov\u00e9 poko\u017eky dopravuj\u00ed exozomy spolu s vitaminy, miner\u00e1ly a peptidy.<\/span><\/p><\/li><li data-start=\"554\" data-end=\"691\"><p data-start=\"557\" data-end=\"691\"><span style=\"color: #000000;\">Stimulace vlasov\u00fdch folikul\u016f: exozomy aktivuj\u00ed bun\u011b\u010dn\u00e9 procesy, zlep\u0161uj\u00ed mikrocirkulaci a podporuj\u00ed r\u016fst nov\u00fdch, zdrav\u00fdch vlas\u016f.<\/span><\/p><\/li><li data-start=\"692\" data-end=\"825\"><p data-start=\"695\" data-end=\"825\"><span style=\"color: #000000;\">Podpora dlouhodob\u00e9 vitality: pravideln\u00e9 o\u0161et\u0159en\u00ed zvy\u0161uje hustotu vlas\u016f, sni\u017euje vypad\u00e1v\u00e1n\u00ed a zlep\u0161uje jejich kvalitu a s\u00edlu.<\/span><\/p><\/li><\/ol><p data-start=\"827\" data-end=\"859\"><span style=\"color: #000000;\"><strong>V\u00fdhody kombinace s exozomy<\/strong><\/span><\/p><p data-start=\"862\" data-end=\"895\"><span style=\"color: #000000;\">\u0160etrn\u00e9 a bezbolestn\u00e9, bez jehel<\/span><\/p><p data-start=\"898\" data-end=\"935\"><span style=\"color: #000000;\">Intenzivn\u00ed podpora regenerace vlas\u016f<\/span><\/p><p data-start=\"938\" data-end=\"982\"><span style=\"color: #000000;\">Dlouhodob\u00fd efekt na zdrav\u00ed vlasov\u00e9 poko\u017eky<\/span><\/p><p data-start=\"985\" data-end=\"1017\"><span style=\"color: #000000;\">Ide\u00e1ln\u00ed i pro citlivou poko\u017eku<\/span><\/p>\t\t\t\t\t<\/div>\n\t\t\t\t\t\t<\/div>\n\t\t\t\t<\/div>\n\t\t\t\t\t\t<\/div>\n\t\t\t\t\t<\/div>\n\t\t<\/div>\n\t\t\t\t<div class=\"elementor-column elementor-col-50 elementor-top-column elementor-element elementor-element-6e6a1c6\" data-id=\"6e6a1c6\" data-element_type=\"column\">\n\t\t\t<div class=\"elementor-column-wrap elementor-element-populated\">\n\t\t\t\t\t\t\t<div class=\"elementor-widget-wrap\">\n\t\t\t\t\t\t<div class=\"elementor-element elementor-element-6c60e82 elementor-widget elementor-widget-text-editor\" data-id=\"6c60e82\" data-element_type=\"widget\" data-widget_type=\"text-editor.default\">\n\t\t\t\t<div class=\"elementor-widget-container\">\n\t\t\t\t\t\t\t\t<div class=\"elementor-text-editor elementor-clearfix\">\n\t\t\t\t<p style=\"text-align: center;\"><span style=\"color: #000000;\"><strong>Radiofrekvence s Exozomy &#8220;Next-Gen Lifting&#8221;<\/strong><\/span><\/p><p><span style=\"color: #000000;\">Hled\u00e1te intenzivn\u00ed, ale neinvazivn\u00ed a \u0161etrn\u00e9 o\u0161et\u0159en\u00ed, kter\u00e9 ple\u0165 nejen vypne, ale i skute\u010dn\u011b regeneruje zevnit\u0159?<\/span><\/p><p><span style=\"color: #000000;\">Tato kombinace je Game-changer a novinka v salonu Skinlab by K!<\/span><\/p><p><span style=\"color: #000000;\">Jedn\u00e1 se o kombinaci p\u0159\u00edstrojov\u00e9ho o\u0161et\u0159en\u00ed a novinky na \u010desk\u00e9m trhu s &#8220;Terapie s exozomy&#8221;.<\/span><br \/><span style=\"color: #000000;\"><strong>&#8211; Radiofrekvence (RF)<\/strong> p\u0159\u00edstrojov\u00e1 technika, kter\u00e1 stimuluje tvorbu kolagenu a elastinu pomoc\u00ed tepeln\u00e9 energie \u2013 okam\u017eit\u011b ple\u0165 vyp\u00edn\u00e1, zpev\u0148uje a tvaruje kontury, zpev\u0148uje kolagenov\u00e1 vl\u00e1kna.<\/span><br \/><span style=\"color: #000000;\"><strong>&#8211; Exozomy<\/strong> \u2013 mikroskopick\u00e9 aktivn\u00ed \u010d\u00e1stice \u2013 p\u016fsob\u00ed jako bun\u011b\u010dn\u00ed \u201eposl\u00ed\u010dci\u201c, kte\u0159\u00ed podporuj\u00ed obnovu, hojen\u00ed, sjednocen\u00ed a zlep\u0161en\u00ed struktury pleti<\/span><br \/><span style=\"color: #000000;\">&#8211; Spole\u010dn\u011b funguj\u00ed jako neinvazivn\u00ed lifting + hloubkov\u00e1 regenerace v jednom.<\/span><\/p>\t\t\t\t\t<\/div>\n\t\t\t\t\t\t<\/div>\n\t\t\t\t<\/div>\n\t\t\t\t\t\t<\/div>\n\t\t\t\t\t<\/div>\n\t\t<\/div>\n\t\t\t\t\t\t\t\t<\/div>\n\t\t\t\t\t<\/div>\n\t\t<\/section>\n\t\t\t\t<section class=\"elementor-section elementor-top-section elementor-element elementor-element-2d6987f elementor-section-boxed elementor-section-height-default elementor-section-height-default\" data-id=\"2d6987f\" data-element_type=\"section\">\n\t\t\t\t\t\t<div class=\"elementor-container elementor-column-gap-default\">\n\t\t\t\t\t\t\t<div class=\"elementor-row\">\n\t\t\t\t\t<div class=\"elementor-column elementor-col-50 elementor-top-column elementor-element elementor-element-1166196\" data-id=\"1166196\" data-element_type=\"column\">\n\t\t\t<div class=\"elementor-column-wrap elementor-element-populated\">\n\t\t\t\t\t\t\t<div class=\"elementor-widget-wrap\">\n\t\t\t\t\t\t<div class=\"elementor-element elementor-element-8e76e1b elementor-widget elementor-widget-image\" data-id=\"8e76e1b\" data-element_type=\"widget\" data-widget_type=\"image.default\">\n\t\t\t\t<div class=\"elementor-widget-container\">\n\t\t\t\t\t\t\t\t<div class=\"elementor-image\">\n\t\t\t\t\t\t\t\t\t\t\t\t<img decoding=\"async\" src=\"https:\/\/www.skinlabbyk.cz\/wp-content\/uploads\/2025\/12\/84684C88-3E28-4F17-AD11-74857264A543.jpg\" title=\"84684C88-3E28-4F17-AD11-74857264A543\" alt=\"84684C88-3E28-4F17-AD11-74857264A543\" \/>\t\t\t\t\t\t\t\t\t\t\t\t\t\t<\/div>\n\t\t\t\t\t\t<\/div>\n\t\t\t\t<\/div>\n\t\t\t\t\t\t<\/div>\n\t\t\t\t\t<\/div>\n\t\t<\/div>\n\t\t\t\t<div class=\"elementor-column elementor-col-50 elementor-top-column elementor-element elementor-element-6f487aa\" data-id=\"6f487aa\" data-element_type=\"column\">\n\t\t\t<div class=\"elementor-column-wrap elementor-element-populated\">\n\t\t\t\t\t\t\t<div class=\"elementor-widget-wrap\">\n\t\t\t\t\t\t<div class=\"elementor-element elementor-element-be5eb93 elementor-widget elementor-widget-image\" data-id=\"be5eb93\" data-element_type=\"widget\" data-widget_type=\"image.default\">\n\t\t\t\t<div class=\"elementor-widget-container\">\n\t\t\t\t\t\t\t\t<div class=\"elementor-image\">\n\t\t\t\t\t\t\t\t\t\t\t\t<img decoding=\"async\" src=\"https:\/\/www.skinlabbyk.cz\/wp-content\/uploads\/2025\/12\/C2934C3C-6F6F-4EBF-B483-B1C90E83FEB8.jpg\" title=\"C2934C3C-6F6F-4EBF-B483-B1C90E83FEB8\" alt=\"C2934C3C-6F6F-4EBF-B483-B1C90E83FEB8\" \/>\t\t\t\t\t\t\t\t\t\t\t\t\t\t<\/div>\n\t\t\t\t\t\t<\/div>\n\t\t\t\t<\/div>\n\t\t\t\t\t\t<\/div>\n\t\t\t\t\t<\/div>\n\t\t<\/div>\n\t\t\t\t\t\t\t\t<\/div>\n\t\t\t\t\t<\/div>\n\t\t<\/section>\n\t\t\t\t<section class=\"elementor-section elementor-top-section elementor-element elementor-element-07e7868 elementor-section-boxed elementor-section-height-default elementor-section-height-default\" data-id=\"07e7868\" data-element_type=\"section\">\n\t\t\t\t\t\t<div class=\"elementor-container elementor-column-gap-default\">\n\t\t\t\t\t\t\t<div class=\"elementor-row\">\n\t\t\t\t\t<div class=\"elementor-column elementor-col-100 elementor-top-column elementor-element elementor-element-2fce132\" data-id=\"2fce132\" data-element_type=\"column\">\n\t\t\t<div class=\"elementor-column-wrap elementor-element-populated\">\n\t\t\t\t\t\t\t<div class=\"elementor-widget-wrap\">\n\t\t\t\t\t\t<div class=\"elementor-element elementor-element-3ca0e69 elementor-widget elementor-widget-text-editor\" data-id=\"3ca0e69\" data-element_type=\"widget\" data-widget_type=\"text-editor.default\">\n\t\t\t\t<div class=\"elementor-widget-container\">\n\t\t\t\t\t\t\t\t<div class=\"elementor-text-editor elementor-clearfix\">\n\t\t\t\t<p style=\"text-align: center;\"><span style=\"color: #000000;\">V\u00fdsledn\u00fd efekt po 1 aplikaci exozom\u016f.\u00a0 <\/span><span style=\"color: #000000;\">O\u0161et\u0159en\u00ed &#8220;Hollywood skin&#8221;.<\/span><\/p>\t\t\t\t\t<\/div>\n\t\t\t\t\t\t<\/div>\n\t\t\t\t<\/div>\n\t\t\t\t\t\t<\/div>\n\t\t\t\t\t<\/div>\n\t\t<\/div>\n\t\t\t\t\t\t\t\t<\/div>\n\t\t\t\t\t<\/div>\n\t\t<\/section>\n\t\t\t\t\t\t<\/div>\n\t\t\t\t\t\t<\/div>\n\t\t\t\t\t<\/div>\n\t\t","protected":false},"excerpt":{"rendered":"<p>Antiaging a regenerace bun\u011bk \u00a0Exozomy &#8211; budoucnost omlazen\u00ed pleti a dlouhov\u011bkosti poko\u017eky V [&hellip;]<\/p>\n","protected":false},"author":1,"featured_media":0,"parent":0,"menu_order":0,"comment_status":"closed","ping_status":"closed","template":"","meta":{"footnotes":""},"class_list":["post-8279","page","type-page","status-publish","hentry"],"_links":{"self":[{"href":"https:\/\/www.skinlabbyk.cz\/index.php?rest_route=\/wp\/v2\/pages\/8279","targetHints":{"allow":["GET"]}}],"collection":[{"href":"https:\/\/www.skinlabbyk.cz\/index.php?rest_route=\/wp\/v2\/pages"}],"about":[{"href":"https:\/\/www.skinlabbyk.cz\/index.php?rest_route=\/wp\/v2\/types\/page"}],"author":[{"embeddable":true,"href":"https:\/\/www.skinlabbyk.cz\/index.php?rest_route=\/wp\/v2\/users\/1"}],"replies":[{"embeddable":true,"href":"https:\/\/www.skinlabbyk.cz\/index.php?rest_route=%2Fwp%2Fv2%2Fcomments&post=8279"}],"version-history":[{"count":304,"href":"https:\/\/www.skinlabbyk.cz\/index.php?rest_route=\/wp\/v2\/pages\/8279\/revisions"}],"predecessor-version":[{"id":14030,"href":"https:\/\/www.skinlabbyk.cz\/index.php?rest_route=\/wp\/v2\/pages\/8279\/revisions\/14030"}],"wp:attachment":[{"href":"https:\/\/www.skinlabbyk.cz\/index.php?rest_route=%2Fwp%2Fv2%2Fmedia&parent=8279"}],"curies":[{"name":"wp","href":"https:\/\/api.w.org\/{rel}","templated":true}]}}