{"id":8584,"date":"2025-01-23T21:05:35","date_gmt":"2025-01-23T21:05:35","guid":{"rendered":"https:\/\/www.skinlabbyk.cz\/?page_id=8584"},"modified":"2025-12-27T15:21:30","modified_gmt":"2025-12-27T15:21:30","slug":"biorevitalizace-s-polynukleotidy","status":"publish","type":"page","link":"https:\/\/www.skinlabbyk.cz\/?page_id=8584&lang=cs","title":{"rendered":"LOSOS\u00cd SPERMA (REVITALIZACE S POLYNUKLEOTIDY)"},"content":{"rendered":"\t\t<div data-elementor-type=\"wp-page\" data-elementor-id=\"8584\" class=\"elementor elementor-8584\" data-elementor-settings=\"[]\">\n\t\t\t\t\t\t<div class=\"elementor-inner\">\n\t\t\t\t\t\t\t<div class=\"elementor-section-wrap\">\n\t\t\t\t\t\t\t<section class=\"elementor-section elementor-top-section elementor-element elementor-element-ae3d5bf elementor-section-boxed elementor-section-height-default elementor-section-height-default\" data-id=\"ae3d5bf\" data-element_type=\"section\">\n\t\t\t\t\t\t<div class=\"elementor-container elementor-column-gap-default\">\n\t\t\t\t\t\t\t<div class=\"elementor-row\">\n\t\t\t\t\t<div class=\"elementor-column elementor-col-50 elementor-top-column elementor-element elementor-element-4a4b82c\" data-id=\"4a4b82c\" data-element_type=\"column\">\n\t\t\t<div class=\"elementor-column-wrap elementor-element-populated\">\n\t\t\t\t\t\t\t<div class=\"elementor-widget-wrap\">\n\t\t\t\t\t\t<div class=\"elementor-element elementor-element-9cb93f1 elementor-widget elementor-widget-image\" data-id=\"9cb93f1\" data-element_type=\"widget\" data-widget_type=\"image.default\">\n\t\t\t\t<div class=\"elementor-widget-container\">\n\t\t\t\t\t\t\t\t<div class=\"elementor-image\">\n\t\t\t\t\t\t\t\t\t\t\t\t<img loading=\"lazy\" decoding=\"async\" width=\"768\" height=\"1024\" src=\"https:\/\/www.skinlabbyk.cz\/wp-content\/uploads\/2024\/12\/IMG_4897-768x1024.jpg\" class=\"attachment-medium_large size-medium_large\" alt=\"\" srcset=\"https:\/\/www.skinlabbyk.cz\/wp-content\/uploads\/2024\/12\/IMG_4897-768x1024.jpg 768w, https:\/\/www.skinlabbyk.cz\/wp-content\/uploads\/2024\/12\/IMG_4897-225x300.jpg 225w, https:\/\/www.skinlabbyk.cz\/wp-content\/uploads\/2024\/12\/IMG_4897-1152x1536.jpg 1152w, https:\/\/www.skinlabbyk.cz\/wp-content\/uploads\/2024\/12\/IMG_4897-1536x2048.jpg 1536w, https:\/\/www.skinlabbyk.cz\/wp-content\/uploads\/2024\/12\/IMG_4897-scaled.jpg 1920w\" sizes=\"auto, (max-width: 768px) 100vw, 768px\" \/>\t\t\t\t\t\t\t\t\t\t\t\t\t\t<\/div>\n\t\t\t\t\t\t<\/div>\n\t\t\t\t<\/div>\n\t\t\t\t<div class=\"elementor-element elementor-element-d6461ec elementor-widget elementor-widget-text-editor\" data-id=\"d6461ec\" data-element_type=\"widget\" data-widget_type=\"text-editor.default\">\n\t\t\t\t<div class=\"elementor-widget-container\">\n\t\t\t\t\t\t\t\t<div class=\"elementor-text-editor elementor-clearfix\">\n\t\t\t\t\t\t\t\t\t<\/div>\n\t\t\t\t\t\t<\/div>\n\t\t\t\t<\/div>\n\t\t\t\t\t\t<\/div>\n\t\t\t\t\t<\/div>\n\t\t<\/div>\n\t\t\t\t<div class=\"elementor-column elementor-col-50 elementor-top-column elementor-element elementor-element-985aecf\" data-id=\"985aecf\" data-element_type=\"column\">\n\t\t\t<div class=\"elementor-column-wrap elementor-element-populated\">\n\t\t\t\t\t\t\t<div class=\"elementor-widget-wrap\">\n\t\t\t\t\t\t<div class=\"elementor-element elementor-element-b26930d elementor-widget elementor-widget-text-editor\" data-id=\"b26930d\" data-element_type=\"widget\" data-widget_type=\"text-editor.default\">\n\t\t\t\t<div class=\"elementor-widget-container\">\n\t\t\t\t\t\t\t\t<div class=\"elementor-text-editor elementor-clearfix\">\n\t\t\t\t<p style=\"text-align: left;\"><span style=\"color: #000000;\"><strong>Dokonal\u00e1 ple\u0165 d\u00edky losos\u00edmu spermatu (losos\u00ed DNA)<\/strong><\/span><\/p><p><span style=\"color: #000000;\">Kombinace neinvazivn\u00ed mezoterapie a aplikace polynukleotid\u016f PDRN (Polydeoxyribonucleotide jsou bioaktivn\u00ed l\u00e1tky, kter\u00e9 podporuj\u00ed obnovu a regeneraci bun\u011bk). Polynukleotidy jsou fragmenty DNA, kter\u00e9 stimuluj\u00ed opravu poko\u017eky a zlep\u0161uj\u00ed jej\u00ed strukturu.<\/span><\/p><p><span style=\"color: #000000;\">Jedn\u00e1 se o efektivn\u00ed proceduru, kter\u00e1 kombinuje v\u00fdhody dvou siln\u00fdch technologi\u00ed.<\/span><\/p><p><span style=\"color: #000000;\">Tento proces poskytuje \u0159adu benefit\u016f, kter\u00e9 pom\u00e1haj\u00ed zlep\u0161it vzhled a zdrav\u00ed pleti. Zde je n\u011bkolik hlavn\u00edch d\u016fvod\u016f, pro\u010d je tato procedura doporu\u010dov\u00e1na:<\/span><\/p><ul><li><p><span style=\"color: #000000;\">stimulace obnovy pleti a tvorby kolagenu,<\/span><\/p><\/li><li><p><span style=\"color: #000000;\">zlep\u0161en\u00ed elasticity pleti,<\/span><\/p><\/li><li><p><span style=\"color: #000000;\">zklidn\u011bn\u00ed podr\u00e1\u017ed\u011bn\u00ed a z\u00e1n\u011bt\u016f,<\/span><\/p><\/li><li><p><span style=\"color: #000000;\">hloubkov\u00e1 regenerace a hydratace,<\/span><\/p><\/li><li><p><span style=\"color: #000000;\">zlep\u0161en\u00ed vzhledu poko\u017eky,<\/span><\/p><\/li><li><p><span style=\"color: #000000;\">bezpe\u010dnost a minim\u00e1ln\u00ed doba rekonvalescence,<\/span><\/p><\/li><li><p><span style=\"color: #000000;\">dlouhodob\u00e9 v\u00fdsledky.<\/span><\/p><\/li><\/ul><p><span style=\"color: #000000;\">Tento postup se pou\u017e\u00edv\u00e1 zejm\u00e9na na obli\u010dej, ale m\u016f\u017ee b\u00fdt aplikov\u00e1n i na jin\u00e9 \u010d\u00e1sti t\u011bla, kde jsou viditeln\u00e9 zn\u00e1mky st\u00e1rnut\u00ed nebo po\u0161kozen\u00ed poko\u017eky. Pro v\u00edce informac\u00ed nebo kombinace v\u00edce parti\u00ed konzultujte se sv\u00fdm kosmetologem.<\/span><\/p>\t\t\t\t\t<\/div>\n\t\t\t\t\t\t<\/div>\n\t\t\t\t<\/div>\n\t\t\t\t\t\t<\/div>\n\t\t\t\t\t<\/div>\n\t\t<\/div>\n\t\t\t\t\t\t\t\t<\/div>\n\t\t\t\t\t<\/div>\n\t\t<\/section>\n\t\t\t\t\t\t<\/div>\n\t\t\t\t\t\t<\/div>\n\t\t\t\t\t<\/div>\n\t\t","protected":false},"excerpt":{"rendered":"<p>Dokonal\u00e1 ple\u0165 d\u00edky losos\u00edmu spermatu (losos\u00ed DNA) Kombinace neinvazivn\u00ed mezoterapie a aplikace polynukleotid\u016f [&hellip;]<\/p>\n","protected":false},"author":1,"featured_media":0,"parent":0,"menu_order":0,"comment_status":"closed","ping_status":"closed","template":"","meta":{"footnotes":""},"class_list":["post-8584","page","type-page","status-publish","hentry"],"_links":{"self":[{"href":"https:\/\/www.skinlabbyk.cz\/index.php?rest_route=\/wp\/v2\/pages\/8584","targetHints":{"allow":["GET"]}}],"collection":[{"href":"https:\/\/www.skinlabbyk.cz\/index.php?rest_route=\/wp\/v2\/pages"}],"about":[{"href":"https:\/\/www.skinlabbyk.cz\/index.php?rest_route=\/wp\/v2\/types\/page"}],"author":[{"embeddable":true,"href":"https:\/\/www.skinlabbyk.cz\/index.php?rest_route=\/wp\/v2\/users\/1"}],"replies":[{"embeddable":true,"href":"https:\/\/www.skinlabbyk.cz\/index.php?rest_route=%2Fwp%2Fv2%2Fcomments&post=8584"}],"version-history":[{"count":64,"href":"https:\/\/www.skinlabbyk.cz\/index.php?rest_route=\/wp\/v2\/pages\/8584\/revisions"}],"predecessor-version":[{"id":14039,"href":"https:\/\/www.skinlabbyk.cz\/index.php?rest_route=\/wp\/v2\/pages\/8584\/revisions\/14039"}],"wp:attachment":[{"href":"https:\/\/www.skinlabbyk.cz\/index.php?rest_route=%2Fwp%2Fv2%2Fmedia&parent=8584"}],"curies":[{"name":"wp","href":"https:\/\/api.w.org\/{rel}","templated":true}]}}