{"id":9343,"date":"2025-02-16T15:44:23","date_gmt":"2025-02-16T15:44:23","guid":{"rendered":"https:\/\/www.skinlabbyk.cz\/?page_id=9343"},"modified":"2025-12-28T16:31:13","modified_gmt":"2025-12-28T16:31:13","slug":"svetelna-terapie","status":"publish","type":"page","link":"https:\/\/www.skinlabbyk.cz\/?page_id=9343&lang=cs","title":{"rendered":"SV\u011aTELN\u00c1 TERAPIE"},"content":{"rendered":"\t\t<div data-elementor-type=\"wp-page\" data-elementor-id=\"9343\" class=\"elementor elementor-9343\" data-elementor-settings=\"[]\">\n\t\t\t\t\t\t<div class=\"elementor-inner\">\n\t\t\t\t\t\t\t<div class=\"elementor-section-wrap\">\n\t\t\t\t\t\t\t<section class=\"elementor-section elementor-top-section elementor-element elementor-element-7d5c04c elementor-section-boxed elementor-section-height-default elementor-section-height-default\" data-id=\"7d5c04c\" data-element_type=\"section\">\n\t\t\t\t\t\t<div class=\"elementor-container elementor-column-gap-default\">\n\t\t\t\t\t\t\t<div class=\"elementor-row\">\n\t\t\t\t\t<div class=\"elementor-column elementor-col-100 elementor-top-column elementor-element elementor-element-f2c9fbf\" data-id=\"f2c9fbf\" data-element_type=\"column\">\n\t\t\t<div class=\"elementor-column-wrap elementor-element-populated\">\n\t\t\t\t\t\t\t<div class=\"elementor-widget-wrap\">\n\t\t\t\t\t\t<div class=\"elementor-element elementor-element-56196e1 elementor-widget elementor-widget-text-editor\" data-id=\"56196e1\" data-element_type=\"widget\" data-widget_type=\"text-editor.default\">\n\t\t\t\t<div class=\"elementor-widget-container\">\n\t\t\t\t\t\t\t\t<div class=\"elementor-text-editor elementor-clearfix\">\n\t\t\t\t<p><span style=\"color: #000000;\">SV\u011aTELN\u00c1 TERAPIE\u00a0<\/span><\/p><p><span style=\"color: #000000;\">Fototerapie je neinvazivn\u00ed, tedy nevy\u017eaduje chirurgick\u00e9 z\u00e1kroky, injekce nebo rekonvalescenci. O\u0161et\u0159en\u00ed je naprosto bezbolestn\u00e9 a obvykle nevy\u017eaduje \u017e\u00e1dnou dobu zotaven\u00ed. To je velkou v\u00fdhodou oproti n\u011bkter\u00fdm jin\u00fdm kosmetick\u00fdm procedur\u00e1m, kter\u00e9 mohou b\u00fdt bolestiv\u00e9 nebo vy\u017eaduj\u00ed dlouhou rekonvalescenci.<\/span><\/p><p><span style=\"color: #000000;\">Fototerapie stimuluje p\u0159irozen\u00e9 regenera\u010dn\u00ed procesy pleti, co\u017e znamen\u00e1, \u017ee v\u00fdsledky jsou dlouhodob\u00e9 a p\u0159irozen\u00e9. Vyu\u017e\u00edv\u00e1 sv\u011bteln\u00e9 vlny k aktivaci proces\u016f, jako je tvorba kolagenu a elastinu, co\u017e je kl\u00ed\u010dov\u00e9 pro mladistv\u00fd vzhled pleti. Tento p\u0159irozen\u00fd proces obnovy je pro mnoho lid\u00ed atraktivn\u00ed, proto\u017ee nehroz\u00ed ne\u017e\u00e1douc\u00ed vedlej\u0161\u00ed \u00fa\u010dinky.<\/span><\/p><p><span style=\"color: #000000;\">Fototerapie m\u016f\u017ee b\u00fdt pou\u017eita k l\u00e9\u010db\u011b r\u016fzn\u00fdch ko\u017en\u00edch probl\u00e9m\u016f:<\/span><\/p><ul data-start=\"1116\" data-end=\"1472\"><li data-start=\"1116\" data-end=\"1189\"><span style=\"color: #000000;\"><strong data-start=\"1118\" data-end=\"1126\">Akn\u00e9 <\/strong>&#8211; ni\u010dit bakterie, kter\u00e9 jsou p\u0159\u00ed\u010dinou akn\u00e9.<\/span><\/li><li data-start=\"1193\" data-end=\"1283\"><span style=\"color: #000000;\"><strong data-start=\"1195\" data-end=\"1209\">Zral\u00e1 ple\u0165 <\/strong>&#8211; podporuje tvorbu kolagenu, co\u017e zpomaluje proces st\u00e1rnut\u00ed.<\/span><\/li><li data-start=\"1287\" data-end=\"1378\"><span style=\"color: #000000;\"><strong data-start=\"1289\" data-end=\"1308\">Hyperpigmentace <\/strong>&#8211; r\u016fzn\u00e9 vlnov\u00e9 d\u00e9lky mohou pomoci p\u0159i odstra\u0148ov\u00e1n\u00ed pigmentov\u00fdch skvrn.<\/span><\/li><li data-start=\"1382\" data-end=\"1472\"><span style=\"color: #000000;\"><strong data-start=\"1384\" data-end=\"1413\">Z\u00e1n\u011bty a podr\u00e1\u017ed\u011bn\u00ed pleti <\/strong>&#8211; fototerapie m\u00e1 protiz\u00e1n\u011btliv\u00e9 \u00fa\u010dinky a zklid\u0148uje poko\u017eku.<\/span><\/li><\/ul><blockquote><span style=\"color: #000000;\">To, \u017ee fototerapie m\u016f\u017ee b\u00fdt \u00fa\u010dinn\u00e1 pro \u0161irokou \u0161k\u00e1lu probl\u00e9m\u016f, z n\u00ed \u010din\u00ed univerz\u00e1ln\u00ed metodu, kter\u00e1 vyhovuje r\u016fzn\u00fdm pot\u0159eb\u00e1m z\u00e1kazn\u00edk\u016f.<\/span><\/blockquote><p><span style=\"color: #000000;\">Tuto metodu lze nejl\u00e9pe kombinovat s dal\u0161\u00edmi procedurami, ale i tak\u00e9 samostatn\u011b. Nap\u0159.<\/span><\/p><ul><li><span style=\"color: #000000;\"><a style=\"color: #000000;\" href=\"https:\/\/www.skinlabbyk.cz\/?page_id=729&amp;lang=cs\">chemick\u00fd peeling<\/a> \/ <a style=\"color: #000000;\" href=\"https:\/\/www.skinlabbyk.cz\/?page_id=1148&amp;lang=cs\">neinvazivn\u00ed mezoterapie<\/a><\/span><\/li><li><span style=\"color: #000000;\"><a style=\"color: #000000;\" href=\"https:\/\/www.skinlabbyk.cz\/?page_id=1019&amp;lang=cs\">ritu\u00e1ly<\/a> \/ <a style=\"color: #000000;\" href=\"https:\/\/www.skinlabbyk.cz\/?page_id=1037&amp;lang=cs\">\u010di\u0161t\u011bn\u00ed pleti<\/a><\/span><\/li><li><span style=\"color: #000000;\">t\u011blov\u00e1 o\u0161et\u0159en\u00ed\u00a0<\/span><\/li><\/ul><p><span style=\"color: #000000;\"><strong><span style=\"color: #0000ff;\"><a style=\"color: #0000ff;\" href=\"https:\/\/www.fresha.com\/cs\/book-now\/skinlab-by-k-br8k55f9\/services?lid=1441788&amp;oiid=sv%3A20907321&amp;share&amp;pId=1369256\">Voln\u00e9 term\u00edny naleznete ZDE<\/a>\u00a0<\/span>nebo v sekci\u00a0<span style=\"color: #0000ff;\"><a style=\"color: #0000ff;\" href=\"https:\/\/www.skinlabbyk.cz\/?page_id=1176&amp;lang=cs\">cen\u00edk<\/a>.<\/span><\/strong><\/span><\/p>\t\t\t\t\t<\/div>\n\t\t\t\t\t\t<\/div>\n\t\t\t\t<\/div>\n\t\t\t\t\t\t<\/div>\n\t\t\t\t\t<\/div>\n\t\t<\/div>\n\t\t\t\t\t\t\t\t<\/div>\n\t\t\t\t\t<\/div>\n\t\t<\/section>\n\t\t\t\t<section class=\"elementor-section elementor-top-section elementor-element elementor-element-5bf727a elementor-section-boxed elementor-section-height-default elementor-section-height-default\" data-id=\"5bf727a\" data-element_type=\"section\">\n\t\t\t\t\t\t<div class=\"elementor-container elementor-column-gap-default\">\n\t\t\t\t\t\t\t<div class=\"elementor-row\">\n\t\t\t\t\t<div class=\"elementor-column elementor-col-50 elementor-top-column elementor-element elementor-element-8148824\" data-id=\"8148824\" data-element_type=\"column\">\n\t\t\t<div class=\"elementor-column-wrap elementor-element-populated\">\n\t\t\t\t\t\t\t<div class=\"elementor-widget-wrap\">\n\t\t\t\t\t\t<div class=\"elementor-element elementor-element-53c8588 elementor-widget elementor-widget-image\" data-id=\"53c8588\" data-element_type=\"widget\" data-widget_type=\"image.default\">\n\t\t\t\t<div class=\"elementor-widget-container\">\n\t\t\t\t\t\t\t\t<div class=\"elementor-image\">\n\t\t\t\t\t\t\t\t\t<figure class=\"wp-caption\">\n\t\t\t\t\t\t\t\t\t\t<img loading=\"lazy\" decoding=\"async\" width=\"768\" height=\"1024\" src=\"https:\/\/www.skinlabbyk.cz\/wp-content\/uploads\/2025\/02\/IMG_5490-768x1024.jpg\" class=\"attachment-medium_large size-medium_large\" alt=\"\" srcset=\"https:\/\/www.skinlabbyk.cz\/wp-content\/uploads\/2025\/02\/IMG_5490-768x1024.jpg 768w, https:\/\/www.skinlabbyk.cz\/wp-content\/uploads\/2025\/02\/IMG_5490-225x300.jpg 225w, https:\/\/www.skinlabbyk.cz\/wp-content\/uploads\/2025\/02\/IMG_5490-1152x1536.jpg 1152w, https:\/\/www.skinlabbyk.cz\/wp-content\/uploads\/2025\/02\/IMG_5490-1536x2048.jpg 1536w, https:\/\/www.skinlabbyk.cz\/wp-content\/uploads\/2025\/02\/IMG_5490-scaled.jpg 1920w\" sizes=\"auto, (max-width: 768px) 100vw, 768px\" \/>\t\t\t\t\t\t\t\t\t\t\t<figcaption class=\"widget-image-caption wp-caption-text\">Akn\u00e9: Modr\u00e9 sv\u011btlo pom\u00e1h\u00e1 ni\u010dit bakterie, kter\u00e9 jsou p\u0159\u00ed\u010dinou akn\u00e9.<\/figcaption>\n\t\t\t\t\t\t\t\t\t\t<\/figure>\n\t\t\t\t\t\t\t\t<\/div>\n\t\t\t\t\t\t<\/div>\n\t\t\t\t<\/div>\n\t\t\t\t\t\t<\/div>\n\t\t\t\t\t<\/div>\n\t\t<\/div>\n\t\t\t\t<div class=\"elementor-column elementor-col-50 elementor-top-column elementor-element elementor-element-4a61272\" data-id=\"4a61272\" data-element_type=\"column\">\n\t\t\t<div class=\"elementor-column-wrap elementor-element-populated\">\n\t\t\t\t\t\t\t<div class=\"elementor-widget-wrap\">\n\t\t\t\t\t\t<div class=\"elementor-element elementor-element-bbc7fef elementor-widget elementor-widget-image\" data-id=\"bbc7fef\" data-element_type=\"widget\" data-widget_type=\"image.default\">\n\t\t\t\t<div class=\"elementor-widget-container\">\n\t\t\t\t\t\t\t\t<div class=\"elementor-image\">\n\t\t\t\t\t\t\t\t\t<figure class=\"wp-caption\">\n\t\t\t\t\t\t\t\t\t\t<img loading=\"lazy\" decoding=\"async\" width=\"768\" height=\"1024\" src=\"https:\/\/www.skinlabbyk.cz\/wp-content\/uploads\/2025\/02\/IMG_5839-768x1024.jpg\" class=\"attachment-medium_large size-medium_large\" alt=\"\" srcset=\"https:\/\/www.skinlabbyk.cz\/wp-content\/uploads\/2025\/02\/IMG_5839-768x1024.jpg 768w, https:\/\/www.skinlabbyk.cz\/wp-content\/uploads\/2025\/02\/IMG_5839-225x300.jpg 225w, https:\/\/www.skinlabbyk.cz\/wp-content\/uploads\/2025\/02\/IMG_5839-1152x1536.jpg 1152w, https:\/\/www.skinlabbyk.cz\/wp-content\/uploads\/2025\/02\/IMG_5839-1536x2048.jpg 1536w, https:\/\/www.skinlabbyk.cz\/wp-content\/uploads\/2025\/02\/IMG_5839-scaled.jpg 1920w\" sizes=\"auto, (max-width: 768px) 100vw, 768px\" \/>\t\t\t\t\t\t\t\t\t\t\t<figcaption class=\"widget-image-caption wp-caption-text\">Zral\u00e1 ple\u0165: \u010cerven\u00e9 sv\u011btlo podporuje tvorbu kolagenu, co\u017e zpomaluje proces st\u00e1rnut\u00ed.<\/figcaption>\n\t\t\t\t\t\t\t\t\t\t<\/figure>\n\t\t\t\t\t\t\t\t<\/div>\n\t\t\t\t\t\t<\/div>\n\t\t\t\t<\/div>\n\t\t\t\t\t\t<\/div>\n\t\t\t\t\t<\/div>\n\t\t<\/div>\n\t\t\t\t\t\t\t\t<\/div>\n\t\t\t\t\t<\/div>\n\t\t<\/section>\n\t\t\t\t\t\t<\/div>\n\t\t\t\t\t\t<\/div>\n\t\t\t\t\t<\/div>\n\t\t","protected":false},"excerpt":{"rendered":"<p>SV\u011aTELN\u00c1 TERAPIE\u00a0 Fototerapie je neinvazivn\u00ed, tedy nevy\u017eaduje chirurgick\u00e9 z\u00e1kroky, injekce nebo rekonvalescenci. O\u0161et\u0159en\u00ed [&hellip;]<\/p>\n","protected":false},"author":1,"featured_media":0,"parent":0,"menu_order":0,"comment_status":"closed","ping_status":"closed","template":"","meta":{"footnotes":""},"class_list":["post-9343","page","type-page","status-publish","hentry"],"_links":{"self":[{"href":"https:\/\/www.skinlabbyk.cz\/index.php?rest_route=\/wp\/v2\/pages\/9343","targetHints":{"allow":["GET"]}}],"collection":[{"href":"https:\/\/www.skinlabbyk.cz\/index.php?rest_route=\/wp\/v2\/pages"}],"about":[{"href":"https:\/\/www.skinlabbyk.cz\/index.php?rest_route=\/wp\/v2\/types\/page"}],"author":[{"embeddable":true,"href":"https:\/\/www.skinlabbyk.cz\/index.php?rest_route=\/wp\/v2\/users\/1"}],"replies":[{"embeddable":true,"href":"https:\/\/www.skinlabbyk.cz\/index.php?rest_route=%2Fwp%2Fv2%2Fcomments&post=9343"}],"version-history":[{"count":61,"href":"https:\/\/www.skinlabbyk.cz\/index.php?rest_route=\/wp\/v2\/pages\/9343\/revisions"}],"predecessor-version":[{"id":14143,"href":"https:\/\/www.skinlabbyk.cz\/index.php?rest_route=\/wp\/v2\/pages\/9343\/revisions\/14143"}],"wp:attachment":[{"href":"https:\/\/www.skinlabbyk.cz\/index.php?rest_route=%2Fwp%2Fv2%2Fmedia&parent=9343"}],"curies":[{"name":"wp","href":"https:\/\/api.w.org\/{rel}","templated":true}]}}