{"id":9557,"date":"2025-02-16T17:20:37","date_gmt":"2025-02-16T17:20:37","guid":{"rendered":"https:\/\/www.skinlabbyk.cz\/?page_id=9557"},"modified":"2025-10-12T12:42:19","modified_gmt":"2025-10-12T12:42:19","slug":"sezonni-nabidka","status":"publish","type":"page","link":"https:\/\/www.skinlabbyk.cz\/?page_id=9557&lang=cs","title":{"rendered":"SEZ\u00d3NN\u00cd NAB\u00cdDKA\u00a0"},"content":{"rendered":"\t\t<div data-elementor-type=\"wp-page\" data-elementor-id=\"9557\" class=\"elementor elementor-9557\" data-elementor-settings=\"[]\">\n\t\t\t\t\t\t<div class=\"elementor-inner\">\n\t\t\t\t\t\t\t<div class=\"elementor-section-wrap\">\n\t\t\t\t\t\t\t<section class=\"elementor-section elementor-top-section elementor-element elementor-element-fa0e3f2 elementor-section-boxed elementor-section-height-default elementor-section-height-default\" data-id=\"fa0e3f2\" data-element_type=\"section\">\n\t\t\t\t\t\t<div class=\"elementor-container elementor-column-gap-default\">\n\t\t\t\t\t\t\t<div class=\"elementor-row\">\n\t\t\t\t\t<div class=\"elementor-column elementor-col-100 elementor-top-column elementor-element elementor-element-da566ba\" data-id=\"da566ba\" data-element_type=\"column\">\n\t\t\t<div class=\"elementor-column-wrap elementor-element-populated\">\n\t\t\t\t\t\t\t<div class=\"elementor-widget-wrap\">\n\t\t\t\t\t\t<div class=\"elementor-element elementor-element-6ac5949 elementor-widget elementor-widget-text-editor\" data-id=\"6ac5949\" data-element_type=\"widget\" data-widget_type=\"text-editor.default\">\n\t\t\t\t<div class=\"elementor-widget-container\">\n\t\t\t\t\t\t\t\t<div class=\"elementor-text-editor elementor-clearfix\">\n\t\t\t\t<h3 class=\"elementor-heading-title elementor-size-default\" style=\"text-align: center;\">Omlazen\u00ed nov\u00e9 generace Radiofrekvence s Exosomy<\/h3><h3 class=\"elementor-heading-title elementor-size-default\" style=\"text-align: center;\">&#8220;Next-Gen Lifting&#8221;<\/h3>\t\t\t\t\t<\/div>\n\t\t\t\t\t\t<\/div>\n\t\t\t\t<\/div>\n\t\t\t\t\t\t<\/div>\n\t\t\t\t\t<\/div>\n\t\t<\/div>\n\t\t\t\t\t\t\t\t<\/div>\n\t\t\t\t\t<\/div>\n\t\t<\/section>\n\t\t\t\t<section class=\"elementor-section elementor-top-section elementor-element elementor-element-ed2c02b elementor-section-boxed elementor-section-height-default elementor-section-height-default\" data-id=\"ed2c02b\" data-element_type=\"section\">\n\t\t\t\t\t\t<div class=\"elementor-container elementor-column-gap-default\">\n\t\t\t\t\t\t\t<div class=\"elementor-row\">\n\t\t\t\t\t<div class=\"elementor-column elementor-col-100 elementor-top-column elementor-element elementor-element-8914d81\" data-id=\"8914d81\" data-element_type=\"column\">\n\t\t\t<div class=\"elementor-column-wrap elementor-element-populated\">\n\t\t\t\t\t\t\t<div class=\"elementor-widget-wrap\">\n\t\t\t\t\t\t<div class=\"elementor-element elementor-element-a095ff0 elementor-widget elementor-widget-text-editor\" data-id=\"a095ff0\" data-element_type=\"widget\" data-widget_type=\"text-editor.default\">\n\t\t\t\t<div class=\"elementor-widget-container\">\n\t\t\t\t\t\t\t\t<div class=\"elementor-text-editor elementor-clearfix\">\n\t\t\t\t<p style=\"text-align: center;\"><span style=\"color: #000000;\">Hled\u00e1te intenzivn\u00ed, ale neinvazivn\u00ed a \u0161etrn\u00e9 o\u0161et\u0159en\u00ed, kter\u00e9 ple\u0165 nejen vypne, ale i skute\u010dn\u011b regeneruje zevnit\u0159?<\/span><\/p><p style=\"text-align: center;\"><span style=\"color: #000000;\">Tato kombinace je game-changer v salonu Skinlab by K.<\/span><\/p><p style=\"text-align: center;\"><span style=\"color: #000000;\"><strong>Jedn\u00e1 se o kombinaci p\u0159\u00edstrojov\u00e9ho o\u0161et\u0159en\u00ed a novinky na \u010desk\u00e9m trhu s \u201eExosomy\u201c.<\/strong><\/span><\/p><div style=\"text-align: center;\"><span style=\"color: #000000;\">\u2013\u00a0<strong>Radiofrekvence (RF)<\/strong> &#8211; p\u0159\u00edstrojov\u00e1 technika, kter\u00e1 stimuluje tvorbu kolagenu a elastinu pomoc\u00ed tepeln\u00e9 energie \u2013 okam\u017eit\u011b ple\u0165 vyp\u00edn\u00e1, zpev\u0148uje a tvaruje kontury, zpev\u0148uje kolagenov\u00e1 vl\u00e1kna.<\/span><\/div><div style=\"text-align: center;\">\u00a0<\/div><div style=\"text-align: center;\"><span style=\"color: #000000;\">\u2013\u00a0<strong>Exosomy<\/strong>\u00a0\u2013 mikroskopick\u00e9 aktivn\u00ed \u010d\u00e1stice \u2013 p\u016fsob\u00ed jako bun\u011b\u010dn\u00ed \u201eposl\u00ed\u010dci\u201c, kte\u0159\u00ed podporuj\u00ed obnovu, hojen\u00ed, sjednocen\u00ed a zlep\u0161en\u00ed struktury pleti<\/span><\/div><div style=\"text-align: center;\">\u00a0<\/div><div style=\"text-align: center;\"><span style=\"color: #000000;\">\u2013 Spole\u010dn\u011b funguj\u00ed jako <strong>neinvazivn\u00ed lifting + hloubok\u00e1 regenerace<\/strong> v jednom.<\/span><\/div><div style=\"text-align: center;\">\u00a0<\/div><div style=\"text-align: center;\"><strong><span style=\"color: #000000;\">Co o\u010dek\u00e1vat:<\/span><\/strong><\/div><div style=\"text-align: center;\"><span style=\"color: #000000;\">\u2013 rozjasn\u011bn\u00ed a sjednocen\u00ed t\u00f3nu pleti,<\/span><\/div><div style=\"text-align: center;\"><span style=\"color: #000000;\">\u2013 redukce jemn\u00fdch vr\u00e1sek, p\u00f3r\u016f a jizvi\u010dek,<\/span><\/div><div style=\"text-align: center;\"><span style=\"color: #000000;\">\u2013 zpevn\u011bn\u00ed kontur obli\u010deje,<\/span><\/div><div style=\"text-align: center;\"><span style=\"color: #000000;\">\u2013 hlad\u0161\u00ed a vit\u00e1ln\u011bj\u0161\u00ed ple\u0165 u\u017e po prvn\u00ed n\u00e1v\u0161t\u011bv\u011b.<\/span><\/div><div style=\"text-align: center;\">\u00a0<\/div><p style=\"text-align: center;\"><span style=\"color: #0000ff;\"><a style=\"color: #0000ff;\" href=\"https:\/\/www.fresha.com\/cs\/book-now\/skinlab-by-k-br8k55f9\/services?lid=1441788&amp;eid=3270149&amp;oiid=sv%3A24225708&amp;share=true&amp;pId=1369256\"><strong>VOLN\u00c9 TERM\u00cdNY<\/strong><\/a><\/span><\/p>\t\t\t\t\t<\/div>\n\t\t\t\t\t\t<\/div>\n\t\t\t\t<\/div>\n\t\t\t\t\t\t<\/div>\n\t\t\t\t\t<\/div>\n\t\t<\/div>\n\t\t\t\t\t\t\t\t<\/div>\n\t\t\t\t\t<\/div>\n\t\t<\/section>\n\t\t\t\t<section class=\"elementor-section elementor-top-section elementor-element elementor-element-da7fddd elementor-section-boxed elementor-section-height-default elementor-section-height-default\" data-id=\"da7fddd\" data-element_type=\"section\">\n\t\t\t\t\t\t<div class=\"elementor-container elementor-column-gap-default\">\n\t\t\t\t\t\t\t<div class=\"elementor-row\">\n\t\t\t\t\t<div class=\"elementor-column elementor-col-100 elementor-top-column elementor-element elementor-element-86daaf3\" data-id=\"86daaf3\" data-element_type=\"column\">\n\t\t\t<div class=\"elementor-column-wrap elementor-element-populated\">\n\t\t\t\t\t\t\t<div class=\"elementor-widget-wrap\">\n\t\t\t\t\t\t<div class=\"elementor-element elementor-element-1c8c8bc elementor-widget elementor-widget-image\" data-id=\"1c8c8bc\" data-element_type=\"widget\" data-widget_type=\"image.default\">\n\t\t\t\t<div class=\"elementor-widget-container\">\n\t\t\t\t\t\t\t\t<div class=\"elementor-image\">\n\t\t\t\t\t\t\t\t\t\t\t\t<img loading=\"lazy\" decoding=\"async\" width=\"768\" height=\"920\" src=\"https:\/\/www.skinlabbyk.cz\/wp-content\/uploads\/2025\/08\/Peachy_20250810194839541-768x920.jpeg\" class=\"attachment-medium_large size-medium_large\" alt=\"\" srcset=\"https:\/\/www.skinlabbyk.cz\/wp-content\/uploads\/2025\/08\/Peachy_20250810194839541-768x920.jpeg 768w, https:\/\/www.skinlabbyk.cz\/wp-content\/uploads\/2025\/08\/Peachy_20250810194839541-250x300.jpeg 250w, https:\/\/www.skinlabbyk.cz\/wp-content\/uploads\/2025\/08\/Peachy_20250810194839541-854x1024.jpeg 854w, https:\/\/www.skinlabbyk.cz\/wp-content\/uploads\/2025\/08\/Peachy_20250810194839541-1282x1536.jpeg 1282w, https:\/\/www.skinlabbyk.cz\/wp-content\/uploads\/2025\/08\/Peachy_20250810194839541-1709x2048.jpeg 1709w\" sizes=\"auto, (max-width: 768px) 100vw, 768px\" \/>\t\t\t\t\t\t\t\t\t\t\t\t\t\t<\/div>\n\t\t\t\t\t\t<\/div>\n\t\t\t\t<\/div>\n\t\t\t\t\t\t<\/div>\n\t\t\t\t\t<\/div>\n\t\t<\/div>\n\t\t\t\t\t\t\t\t<\/div>\n\t\t\t\t\t<\/div>\n\t\t<\/section>\n\t\t\t\t\t\t<\/div>\n\t\t\t\t\t\t<\/div>\n\t\t\t\t\t<\/div>\n\t\t","protected":false},"excerpt":{"rendered":"<p>Omlazen\u00ed nov\u00e9 generace Radiofrekvence s Exosomy &#8220;Next-Gen Lifting&#8221; Hled\u00e1te intenzivn\u00ed, ale neinvazivn\u00ed a [&hellip;]<\/p>\n","protected":false},"author":1,"featured_media":0,"parent":0,"menu_order":0,"comment_status":"closed","ping_status":"closed","template":"","meta":{"footnotes":""},"class_list":["post-9557","page","type-page","status-publish","hentry"],"_links":{"self":[{"href":"https:\/\/www.skinlabbyk.cz\/index.php?rest_route=\/wp\/v2\/pages\/9557","targetHints":{"allow":["GET"]}}],"collection":[{"href":"https:\/\/www.skinlabbyk.cz\/index.php?rest_route=\/wp\/v2\/pages"}],"about":[{"href":"https:\/\/www.skinlabbyk.cz\/index.php?rest_route=\/wp\/v2\/types\/page"}],"author":[{"embeddable":true,"href":"https:\/\/www.skinlabbyk.cz\/index.php?rest_route=\/wp\/v2\/users\/1"}],"replies":[{"embeddable":true,"href":"https:\/\/www.skinlabbyk.cz\/index.php?rest_route=%2Fwp%2Fv2%2Fcomments&post=9557"}],"version-history":[{"count":167,"href":"https:\/\/www.skinlabbyk.cz\/index.php?rest_route=\/wp\/v2\/pages\/9557\/revisions"}],"predecessor-version":[{"id":12559,"href":"https:\/\/www.skinlabbyk.cz\/index.php?rest_route=\/wp\/v2\/pages\/9557\/revisions\/12559"}],"wp:attachment":[{"href":"https:\/\/www.skinlabbyk.cz\/index.php?rest_route=%2Fwp%2Fv2%2Fmedia&parent=9557"}],"curies":[{"name":"wp","href":"https:\/\/api.w.org\/{rel}","templated":true}]}}